{"id":200,"date":"2016-07-29T12:11:55","date_gmt":"2016-07-29T10:11:55","guid":{"rendered":"https:\/\/www.antareshotel.com\/pagina-di-esempio\/"},"modified":"2020-05-27T19:25:30","modified_gmt":"2020-05-27T17:25:30","slug":"pagina-di-esempio","status":"publish","type":"page","link":"https:\/\/www.antareshotel.com\/de\/","title":{"rendered":"Familienhotel in Misano: Herzlich willkommen im Hotel Antares, herzlich willkommen zu Hause!"},"content":{"rendered":"<div>\n<h2><strong>Hier verleben Sie Ferien am Meer in einem gem\u00fctlichen, jungen und frischen Ambiente.<\/strong><\/h2>\n<p>Wir erwarten <strong>Sie nur 20 Meter vom Meer<\/strong> entfernt im Hotel Antares an der Adriak\u00fcste in Misano Adriatico, um Ihnen Momente der Entspannung und des Vergn\u00fcgens zu schenken.<\/p>\n<p>Komfort, Entspannung und mit Sicherheit das freundlichste Personal.<\/p>\n<p><strong>Gepflegte und sanierte Umgebungen<\/strong> f\u00fcr einen Urlaub in <strong>Sicherheit<\/strong> und Frieden.<\/p>\n<p>Das ist der Rahmen f\u00fcr Ihren Urlaub in Misano Adriatico.<\/p>\n<p>Werfen Sie einen Blick auf unsere <strong>Angebote f\u00fcr die ganze Familie<\/strong>, die <strong>Sonderpreise f\u00fcr Kinder<\/strong> und viele andere Gelegenheiten f\u00fcr Relax und Spa\u00df, die wir f\u00fcr Sie geplant haben.<\/p>\n<p><strong> kostenlose Super-Rapid Wifi-Anschl\u00fcsse im ganzen Hotel frei im gesamten Hotel und einen ganz neuen Look in unserem Zimmer.\u00a0<\/strong><\/p>\n<p><strong>Klimaanlage<\/strong> ist in allen Zimmern und im Preis inbegriffen<\/p>\n<\/div>\n<div><\/div>\n","protected":false},"excerpt":{"rendered":"<p>Hier verleben Sie Ferien am Meer in einem gem\u00fctlichen, jungen und frischen Ambiente. Wir erwarten Sie nur 20 Meter vom Meer entfernt im Hotel Antares an der Adriak\u00fcste in Misano Adriatico, um Ihnen Momente der Entspannung und des Vergn\u00fcgens zu schenken. Komfort, Entspannung und mit Sicherheit das freundlichste Personal. Gepflegte und sanierte Umgebungen f\u00fcr einen Urlaub in Sicherheit und Frieden. Das ist der Rahmen f\u00fcr Ihren Urlaub in Misano Adriatico. &#8230;<\/p>\n","protected":false},"author":1,"featured_media":0,"parent":0,"menu_order":0,"comment_status":"closed","ping_status":"open","template":"","meta":{"_acf_changed":false},"class_list":["post-200","page","type-page","status-publish","hentry"],"acf":[],"_links":{"self":[{"href":"https:\/\/www.antareshotel.com\/de\/wp-json\/wp\/v2\/pages\/200","targetHints":{"allow":["GET"]}}],"collection":[{"href":"https:\/\/www.antareshotel.com\/de\/wp-json\/wp\/v2\/pages"}],"about":[{"href":"https:\/\/www.antareshotel.com\/de\/wp-json\/wp\/v2\/types\/page"}],"author":[{"embeddable":true,"href":"https:\/\/www.antareshotel.com\/de\/wp-json\/wp\/v2\/users\/1"}],"replies":[{"embeddable":true,"href":"https:\/\/www.antareshotel.com\/de\/wp-json\/wp\/v2\/comments?post=200"}],"version-history":[{"count":0,"href":"https:\/\/www.antareshotel.com\/de\/wp-json\/wp\/v2\/pages\/200\/revisions"}],"wp:attachment":[{"href":"https:\/\/www.antareshotel.com\/de\/wp-json\/wp\/v2\/media?parent=200"}],"curies":[{"name":"wp","href":"https:\/\/api.w.org\/{rel}","templated":true}]}}