{"id":219,"date":"2017-07-11T16:37:12","date_gmt":"2017-07-11T14:37:12","guid":{"rendered":"https:\/\/www.antareshotel.com\/come-a-casa\/"},"modified":"2022-02-03T12:51:34","modified_gmt":"2022-02-03T11:51:34","slug":"zu-hause","status":"publish","type":"page","link":"https:\/\/www.antareshotel.com\/de\/zu-hause\/","title":{"rendered":"2-Sterne-Hotel in a Misano Adriatico: Freuen Sie sich auf tolle Ferien am Meer"},"content":{"rendered":"<h2>Nur 20 m vom Meer entfernt finden Sie in einem hellen und freundlichen Ambiente den idealen Ort f\u00fcr Ihren Urlaub an der Adriak\u00fcste der Romagna.<\/h2>\n<p>Unser Motto lautet Enthusiasmus, Professionalit\u00e4t<strong> und guter Service zu einem vern\u00fcnftigen Preis!<\/strong><\/p>\n<p>Das freundliche L\u00e4cheln unseres Teams wird Ihnen das <strong>Gef\u00fchl geben<\/strong>, <strong>zu Hause zu sein.<\/strong><\/p>\n<p>Ihre Kinder sind f\u00fcr uns besondere G\u00e4ste, darum haben wir eigens f\u00fcr sie einen <strong>tollen Spielbereich<\/strong> reserviert und einen Service entwickelt, der nur auf ihre Bed\u00fcrfnisse zugeschnitten ist, und das zu wirklich g\u00fcnstigen Preisen.<\/p>\n<p>Au\u00dferdem stehen Ihnen in ganz Hotel ein kostenfreier super rapide <strong>WLAN-Zugang und ein bewachter Privatparkplatz in der N\u00e4he des Hotels (300 m) zur Verf\u00fcgung.<\/strong><\/p>\n<p><span style=\"font-size: 14pt\"><strong>Air conditioning in jeden Zimmer im Preis inbegrifft.<\/strong><\/span><\/p>\n<div id='gallery-1' class='gallery galleryid-219 gallery-columns-3 gallery-size-large'><figure class='gallery-item'>\n\t\t\t\t<div class='gallery-icon landscape'>\n\t\t\t\t\t<a href='https:\/\/www.antareshotel.com\/wp-content\/uploads\/2017\/07\/comeacasa-gallery-1.jpg' data-size=\"950x540\"><img loading=\"lazy\" decoding=\"async\" width=\"950\" height=\"540\" src=\"https:\/\/www.antareshotel.com\/wp-content\/uploads\/2017\/07\/comeacasa-gallery-1.jpg\" class=\"attachment-large size-large\" alt=\"\" srcset=\"https:\/\/www.antareshotel.com\/wp-content\/uploads\/2017\/07\/comeacasa-gallery-1.jpg 950w, https:\/\/www.antareshotel.com\/wp-content\/uploads\/2017\/07\/comeacasa-gallery-1-768x437.jpg 768w, https:\/\/www.antareshotel.com\/wp-content\/uploads\/2017\/07\/comeacasa-gallery-1-57x32.jpg 57w, https:\/\/www.antareshotel.com\/wp-content\/uploads\/2017\/07\/comeacasa-gallery-1-72x41.jpg 72w, https:\/\/www.antareshotel.com\/wp-content\/uploads\/2017\/07\/comeacasa-gallery-1-114x65.jpg 114w, https:\/\/www.antareshotel.com\/wp-content\/uploads\/2017\/07\/comeacasa-gallery-1-144x82.jpg 144w\" sizes=\"auto, (max-width: 950px) 100vw, 950px\" \/><\/a>\n\t\t\t\t<\/div><\/figure><figure class='gallery-item'>\n\t\t\t\t<div class='gallery-icon landscape'>\n\t\t\t\t\t<a href='https:\/\/www.antareshotel.com\/wp-content\/uploads\/2017\/07\/comeacasa-gallery-3.jpg' data-size=\"950x540\"><img loading=\"lazy\" decoding=\"async\" width=\"950\" height=\"540\" src=\"https:\/\/www.antareshotel.com\/wp-content\/uploads\/2017\/07\/comeacasa-gallery-3.jpg\" class=\"attachment-large size-large\" alt=\"\" srcset=\"https:\/\/www.antareshotel.com\/wp-content\/uploads\/2017\/07\/comeacasa-gallery-3.jpg 950w, https:\/\/www.antareshotel.com\/wp-content\/uploads\/2017\/07\/comeacasa-gallery-3-768x437.jpg 768w, https:\/\/www.antareshotel.com\/wp-content\/uploads\/2017\/07\/comeacasa-gallery-3-57x32.jpg 57w, https:\/\/www.antareshotel.com\/wp-content\/uploads\/2017\/07\/comeacasa-gallery-3-72x41.jpg 72w, https:\/\/www.antareshotel.com\/wp-content\/uploads\/2017\/07\/comeacasa-gallery-3-114x65.jpg 114w, https:\/\/www.antareshotel.com\/wp-content\/uploads\/2017\/07\/comeacasa-gallery-3-144x82.jpg 144w\" sizes=\"auto, (max-width: 950px) 100vw, 950px\" \/><\/a>\n\t\t\t\t<\/div><\/figure><figure class='gallery-item'>\n\t\t\t\t<div class='gallery-icon landscape'>\n\t\t\t\t\t<a href='https:\/\/www.antareshotel.com\/wp-content\/uploads\/2017\/07\/comeacasa-gallery-2.jpg' data-size=\"950x540\"><img loading=\"lazy\" decoding=\"async\" width=\"950\" height=\"540\" src=\"https:\/\/www.antareshotel.com\/wp-content\/uploads\/2017\/07\/comeacasa-gallery-2.jpg\" class=\"attachment-large size-large\" alt=\"\" srcset=\"https:\/\/www.antareshotel.com\/wp-content\/uploads\/2017\/07\/comeacasa-gallery-2.jpg 950w, https:\/\/www.antareshotel.com\/wp-content\/uploads\/2017\/07\/comeacasa-gallery-2-768x437.jpg 768w, https:\/\/www.antareshotel.com\/wp-content\/uploads\/2017\/07\/comeacasa-gallery-2-57x32.jpg 57w, https:\/\/www.antareshotel.com\/wp-content\/uploads\/2017\/07\/comeacasa-gallery-2-72x41.jpg 72w, https:\/\/www.antareshotel.com\/wp-content\/uploads\/2017\/07\/comeacasa-gallery-2-114x65.jpg 114w, https:\/\/www.antareshotel.com\/wp-content\/uploads\/2017\/07\/comeacasa-gallery-2-144x82.jpg 144w\" sizes=\"auto, (max-width: 950px) 100vw, 950px\" \/><\/a>\n\t\t\t\t<\/div><\/figure>\n\t\t\t<\/div>\n\n<p>Unser Hotel befindet sich in einem Stadtteil, der am Abend zur Fu\u00dfg\u00e4ngerpromenade wird. Nur wenige Schritte weiter liegt ein wundersch\u00f6ner Park mit Karussellen und einer Tanzfl\u00e4che unter dem Sternenhimmel, wo w\u00f6chentlich Tanzabende mit den besten Bands und Orchestern der Region organisiert werden.<\/p>\n<h2>Besuchen Sie uns, wir freuen uns auf Sie!<\/h2>\n","protected":false},"excerpt":{"rendered":"<p>Nur 20 m vom Meer entfernt finden Sie in einem hellen und freundlichen Ambiente den idealen Ort f\u00fcr Ihren Urlaub an der Adriak\u00fcste der Romagna. Unser Motto lautet Enthusiasmus, Professionalit\u00e4t und guter Service zu einem vern\u00fcnftigen Preis! Das freundliche L\u00e4cheln unseres Teams wird Ihnen das Gef\u00fchl geben, zu Hause zu sein. Ihre Kinder sind f\u00fcr uns besondere G\u00e4ste, darum haben wir eigens f\u00fcr sie einen tollen Spielbereich reserviert und einen &#8230;<\/p>\n","protected":false},"author":1,"featured_media":0,"parent":0,"menu_order":0,"comment_status":"closed","ping_status":"closed","template":"","meta":{"_acf_changed":false},"class_list":["post-219","page","type-page","status-publish","hentry"],"acf":[],"_links":{"self":[{"href":"https:\/\/www.antareshotel.com\/de\/wp-json\/wp\/v2\/pages\/219","targetHints":{"allow":["GET"]}}],"collection":[{"href":"https:\/\/www.antareshotel.com\/de\/wp-json\/wp\/v2\/pages"}],"about":[{"href":"https:\/\/www.antareshotel.com\/de\/wp-json\/wp\/v2\/types\/page"}],"author":[{"embeddable":true,"href":"https:\/\/www.antareshotel.com\/de\/wp-json\/wp\/v2\/users\/1"}],"replies":[{"embeddable":true,"href":"https:\/\/www.antareshotel.com\/de\/wp-json\/wp\/v2\/comments?post=219"}],"version-history":[{"count":0,"href":"https:\/\/www.antareshotel.com\/de\/wp-json\/wp\/v2\/pages\/219\/revisions"}],"wp:attachment":[{"href":"https:\/\/www.antareshotel.com\/de\/wp-json\/wp\/v2\/media?parent=219"}],"curies":[{"name":"wp","href":"https:\/\/api.w.org\/{rel}","templated":true}]}}