{"id":238,"date":"2017-07-11T16:18:20","date_gmt":"2017-07-11T14:18:20","guid":{"rendered":"https:\/\/www.antareshotel.com\/tempo-libero\/"},"modified":"2017-08-09T09:45:02","modified_gmt":"2017-08-09T07:45:02","slug":"freizeit","status":"publish","type":"page","link":"https:\/\/www.antareshotel.com\/de\/freizeit\/","title":{"rendered":"Urlaub am Meer in Misano: Das bedeutet Relax am wundersch\u00f6nen Strand oder ein Ausflug zum Autodrom oder in das Landesinnere der Romagna"},"content":{"rendered":"<h2>Die Adriak\u00fcste der Romagna wird auch die &#8222;Riviera der Kinder&#8220; genannt, denn unsere Str\u00e4nde <strong>sind sicher und ausgestattet und bieten<\/strong> den ganzen Sommer lang Animation und Spa\u00df!<\/h2>\n<p>Nur wenige Meter vom Hotel empfangen Sie die sympathischen Bademeister der Partnerst\u00e4nde, wo Entspannung pur, aber auch <strong>Vergn\u00fcgungen f\u00fcr Gro\u00df und Klein<\/strong> auf Sie warten: Beachtennis, Volleyball, Schwimmbecken, die wundersch\u00f6nen farbigen Burgen, Animation, Gymnastik und vieles andere mehr &#8230;<\/p>\n<p>Wenn Sie sich auch f\u00fcr das Landesinnere interessieren, dann erwartet Sie ein geschichtstr\u00e4chtiges Land: <strong>mittelalterliche Schl\u00f6sser und<\/strong> Burgen, antike Legenden und Traditionen, Volksfeste und Gasth\u00e4user, in denen Sie den vollen Geschmack der antiken Gerichte genie\u00dfen k\u00f6nnen.<\/p>\n<div id='gallery-1' class='gallery galleryid-238 gallery-columns-3 gallery-size-large'><figure class='gallery-item'>\n\t\t\t\t<div class='gallery-icon landscape'>\n\t\t\t\t\t<a href='https:\/\/www.antareshotel.com\/wp-content\/uploads\/2017\/07\/Tempoliberomotogp-1.jpg' data-size=\"950x540\"><img loading=\"lazy\" decoding=\"async\" width=\"950\" height=\"540\" src=\"https:\/\/www.antareshotel.com\/wp-content\/uploads\/2017\/07\/Tempoliberomotogp-1.jpg\" class=\"attachment-large size-large\" alt=\"\" srcset=\"https:\/\/www.antareshotel.com\/wp-content\/uploads\/2017\/07\/Tempoliberomotogp-1.jpg 950w, https:\/\/www.antareshotel.com\/wp-content\/uploads\/2017\/07\/Tempoliberomotogp-1-768x437.jpg 768w, https:\/\/www.antareshotel.com\/wp-content\/uploads\/2017\/07\/Tempoliberomotogp-1-57x32.jpg 57w, https:\/\/www.antareshotel.com\/wp-content\/uploads\/2017\/07\/Tempoliberomotogp-1-72x41.jpg 72w, https:\/\/www.antareshotel.com\/wp-content\/uploads\/2017\/07\/Tempoliberomotogp-1-114x65.jpg 114w, https:\/\/www.antareshotel.com\/wp-content\/uploads\/2017\/07\/Tempoliberomotogp-1-144x82.jpg 144w\" sizes=\"auto, (max-width: 950px) 100vw, 950px\" \/><\/a>\n\t\t\t\t<\/div><\/figure><figure class='gallery-item'>\n\t\t\t\t<div class='gallery-icon landscape'>\n\t\t\t\t\t<a href='https:\/\/www.antareshotel.com\/wp-content\/uploads\/2017\/07\/Tempoliberobici.jpg' data-size=\"950x540\"><img loading=\"lazy\" decoding=\"async\" width=\"950\" height=\"540\" src=\"https:\/\/www.antareshotel.com\/wp-content\/uploads\/2017\/07\/Tempoliberobici.jpg\" class=\"attachment-large size-large\" alt=\"\" srcset=\"https:\/\/www.antareshotel.com\/wp-content\/uploads\/2017\/07\/Tempoliberobici.jpg 950w, https:\/\/www.antareshotel.com\/wp-content\/uploads\/2017\/07\/Tempoliberobici-768x437.jpg 768w, https:\/\/www.antareshotel.com\/wp-content\/uploads\/2017\/07\/Tempoliberobici-57x32.jpg 57w, https:\/\/www.antareshotel.com\/wp-content\/uploads\/2017\/07\/Tempoliberobici-72x41.jpg 72w, https:\/\/www.antareshotel.com\/wp-content\/uploads\/2017\/07\/Tempoliberobici-114x65.jpg 114w, https:\/\/www.antareshotel.com\/wp-content\/uploads\/2017\/07\/Tempoliberobici-144x82.jpg 144w\" sizes=\"auto, (max-width: 950px) 100vw, 950px\" \/><\/a>\n\t\t\t\t<\/div><\/figure><figure class='gallery-item'>\n\t\t\t\t<div class='gallery-icon landscape'>\n\t\t\t\t\t<a href='https:\/\/www.antareshotel.com\/wp-content\/uploads\/2017\/07\/Tempoliberospiaggia.jpg' data-size=\"950x540\"><img loading=\"lazy\" decoding=\"async\" width=\"950\" height=\"540\" src=\"https:\/\/www.antareshotel.com\/wp-content\/uploads\/2017\/07\/Tempoliberospiaggia.jpg\" class=\"attachment-large size-large\" alt=\"\" srcset=\"https:\/\/www.antareshotel.com\/wp-content\/uploads\/2017\/07\/Tempoliberospiaggia.jpg 950w, https:\/\/www.antareshotel.com\/wp-content\/uploads\/2017\/07\/Tempoliberospiaggia-768x437.jpg 768w, https:\/\/www.antareshotel.com\/wp-content\/uploads\/2017\/07\/Tempoliberospiaggia-57x32.jpg 57w, https:\/\/www.antareshotel.com\/wp-content\/uploads\/2017\/07\/Tempoliberospiaggia-72x41.jpg 72w, https:\/\/www.antareshotel.com\/wp-content\/uploads\/2017\/07\/Tempoliberospiaggia-114x65.jpg 114w, https:\/\/www.antareshotel.com\/wp-content\/uploads\/2017\/07\/Tempoliberospiaggia-144x82.jpg 144w\" sizes=\"auto, (max-width: 950px) 100vw, 950px\" \/><\/a>\n\t\t\t\t<\/div><\/figure>\n\t\t\t<\/div>\n\n<p>&nbsp;<\/p>\n<p>F\u00fcr <strong>Liebhaber des Motorsports<\/strong> bietet das nur 3 km vom Hotel gelegene Autodrom von Santamonica die passende Gelegenheit. Die Rennstrecke als Austragungsort f\u00fcr internationale Rennen sowie das 6 km entfernte Museum wurden dem tragisch verungl\u00fcckten Rennfahrer Marco Simoncelli gewidmet.<\/p>\n<p>Wenn Sie allerdings einen Urlaub mit Entspannung und Wellness bevorzugen, dann ist das nahe gelegene Thermalbad von Riccione (1 km) der ideale Ort: Thermalkuren und die gesamte Welt des Wohlbefindens an einem Ort.<\/p>\n<h3>Wir erwarten Sie am Meer in Misano Adriatico!<\/h3>\n","protected":false},"excerpt":{"rendered":"<p>Die Adriak\u00fcste der Romagna wird auch die &#8222;Riviera der Kinder&#8220; genannt, denn unsere Str\u00e4nde sind sicher und ausgestattet und bieten den ganzen Sommer lang Animation und Spa\u00df! Nur wenige Meter vom Hotel empfangen Sie die sympathischen Bademeister der Partnerst\u00e4nde, wo Entspannung pur, aber auch Vergn\u00fcgungen f\u00fcr Gro\u00df und Klein auf Sie warten: Beachtennis, Volleyball, Schwimmbecken, die wundersch\u00f6nen farbigen Burgen, Animation, Gymnastik und vieles andere mehr &#8230; Wenn Sie sich auch &#8230;<\/p>\n","protected":false},"author":1,"featured_media":0,"parent":0,"menu_order":0,"comment_status":"closed","ping_status":"closed","template":"","meta":{"_acf_changed":false},"class_list":["post-238","page","type-page","status-publish","hentry"],"acf":[],"_links":{"self":[{"href":"https:\/\/www.antareshotel.com\/de\/wp-json\/wp\/v2\/pages\/238","targetHints":{"allow":["GET"]}}],"collection":[{"href":"https:\/\/www.antareshotel.com\/de\/wp-json\/wp\/v2\/pages"}],"about":[{"href":"https:\/\/www.antareshotel.com\/de\/wp-json\/wp\/v2\/types\/page"}],"author":[{"embeddable":true,"href":"https:\/\/www.antareshotel.com\/de\/wp-json\/wp\/v2\/users\/1"}],"replies":[{"embeddable":true,"href":"https:\/\/www.antareshotel.com\/de\/wp-json\/wp\/v2\/comments?post=238"}],"version-history":[{"count":0,"href":"https:\/\/www.antareshotel.com\/de\/wp-json\/wp\/v2\/pages\/238\/revisions"}],"wp:attachment":[{"href":"https:\/\/www.antareshotel.com\/de\/wp-json\/wp\/v2\/media?parent=238"}],"curies":[{"name":"wp","href":"https:\/\/api.w.org\/{rel}","templated":true}]}}