{"id":249,"date":"2016-08-01T15:06:50","date_gmt":"2016-08-01T13:06:50","guid":{"rendered":"https:\/\/www.antareshotel.com\/la-cucina\/"},"modified":"2020-05-27T19:32:22","modified_gmt":"2020-05-27T17:32:22","slug":"die-kueche","status":"publish","type":"page","link":"https:\/\/www.antareshotel.com\/de\/die-kueche\/","title":{"rendered":"Was zeichnet unsere typische K\u00fcche der Romagna aus? Die Zutaten daf\u00fcr sind Geschmack und Fantasie!"},"content":{"rendered":"<h2>Was gibt es Besseres als ein reichhaltiges Fr\u00fchst\u00fcck, um den Urlaubstag richtig zu beginnen?<\/h2>\n<p>Unser Fr\u00fchst\u00fccks mit Joghurt, diversen Sorten Cornflakes und Marmeladen, Aufschnitt, K\u00e4se, Kuchen, italienischen Kringel oder Croissants direkt aus dem Ofen und vielem anderen mehr macht den Start in den Tag perfekt.<\/p>\n<p>Wenn Sie vom Strand heimkehren, k\u00f6nnen Sie Ihre Mahlzeiten in unserem<strong> klimatisierten Speisesaal einnehmen<\/strong>.<\/p>\n<p>Wie bieten Ihnen typische und traditionell zubereitete Gerichte, bei denen wir Produkte aus unseren Landen verwenden. Ihnen stehen wahlweise zwei Men\u00fcs\u00a0 mit frischem Gem\u00fcse und Salaten zur Verf\u00fcgung, bequem von unseren Mitarbeitern am Tisch serviert<\/p>\n<p><strong>Nat\u00fcrlich erf\u00fcllen wir Extraw\u00fcnsche wie z. B. Men\u00fcs f\u00fcr Kleinkinder mit Babybrei oder glutenfreie Speisen<\/strong><\/p>\n<div id='gallery-1' class='gallery galleryid-249 gallery-columns-3 gallery-size-offerta'><figure class='gallery-item'>\n\t\t\t\t<div class='gallery-icon landscape'>\n\t\t\t\t\t<a href='https:\/\/www.antareshotel.com\/wp-content\/uploads\/2016\/08\/cucina-gallery-1.jpg' data-size=\"950x540\"><img loading=\"lazy\" decoding=\"async\" width=\"500\" height=\"335\" src=\"https:\/\/www.antareshotel.com\/wp-content\/uploads\/2016\/08\/cucina-gallery-1-500x335.jpg\" class=\"attachment-offerta size-offerta\" alt=\"\" srcset=\"https:\/\/www.antareshotel.com\/wp-content\/uploads\/2016\/08\/cucina-gallery-1-500x335.jpg 500w, https:\/\/www.antareshotel.com\/wp-content\/uploads\/2016\/08\/cucina-gallery-1-350x235.jpg 350w\" sizes=\"auto, (max-width: 500px) 100vw, 500px\" \/><\/a>\n\t\t\t\t<\/div><\/figure><figure class='gallery-item'>\n\t\t\t\t<div class='gallery-icon landscape'>\n\t\t\t\t\t<a href='https:\/\/www.antareshotel.com\/wp-content\/uploads\/2016\/08\/cucina-gallery-2.jpg' data-size=\"950x540\"><img loading=\"lazy\" decoding=\"async\" width=\"500\" height=\"335\" src=\"https:\/\/www.antareshotel.com\/wp-content\/uploads\/2016\/08\/cucina-gallery-2-500x335.jpg\" class=\"attachment-offerta size-offerta\" alt=\"\" srcset=\"https:\/\/www.antareshotel.com\/wp-content\/uploads\/2016\/08\/cucina-gallery-2-500x335.jpg 500w, https:\/\/www.antareshotel.com\/wp-content\/uploads\/2016\/08\/cucina-gallery-2-350x235.jpg 350w\" sizes=\"auto, (max-width: 500px) 100vw, 500px\" \/><\/a>\n\t\t\t\t<\/div><\/figure><figure class='gallery-item'>\n\t\t\t\t<div class='gallery-icon landscape'>\n\t\t\t\t\t<a href='https:\/\/www.antareshotel.com\/wp-content\/uploads\/2016\/08\/cucina-gallery-3.jpg' data-size=\"950x540\"><img loading=\"lazy\" decoding=\"async\" width=\"500\" height=\"335\" src=\"https:\/\/www.antareshotel.com\/wp-content\/uploads\/2016\/08\/cucina-gallery-3-500x335.jpg\" class=\"attachment-offerta size-offerta\" alt=\"\" srcset=\"https:\/\/www.antareshotel.com\/wp-content\/uploads\/2016\/08\/cucina-gallery-3-500x335.jpg 500w, https:\/\/www.antareshotel.com\/wp-content\/uploads\/2016\/08\/cucina-gallery-3-350x235.jpg 350w\" sizes=\"auto, (max-width: 500px) 100vw, 500px\" \/><\/a>\n\t\t\t\t<\/div><\/figure>\n\t\t\t<\/div>\n\n<p><strong>Der Sonntag<\/strong> ist f\u00fcr uns ein besonderer Tag, denn in unserer Bar wartet ein erfrischender Aperitif auf Sie. Dies wird der ideale Treffpunkt, um sich etwas zu entspannen, Bekanntschaft mit uns und anderen G\u00e4sten zu schlie\u00dfen und gemeinsam Spa\u00df zu haben.<\/p>\n<h4>Besuchen Sie uns und testen Sie unseren Service, wir erwarten Sie am Meer!<\/h4>\n","protected":false},"excerpt":{"rendered":"<p>Was gibt es Besseres als ein reichhaltiges Fr\u00fchst\u00fcck, um den Urlaubstag richtig zu beginnen? Unser Fr\u00fchst\u00fccks mit Joghurt, diversen Sorten Cornflakes und Marmeladen, Aufschnitt, K\u00e4se, Kuchen, italienischen Kringel oder Croissants direkt aus dem Ofen und vielem anderen mehr macht den Start in den Tag perfekt. Wenn Sie vom Strand heimkehren, k\u00f6nnen Sie Ihre Mahlzeiten in unserem klimatisierten Speisesaal einnehmen. Wie bieten Ihnen typische und traditionell zubereitete Gerichte, bei denen wir &#8230;<\/p>\n","protected":false},"author":1,"featured_media":0,"parent":0,"menu_order":0,"comment_status":"closed","ping_status":"closed","template":"","meta":{"_acf_changed":false},"class_list":["post-249","page","type-page","status-publish","hentry"],"acf":[],"_links":{"self":[{"href":"https:\/\/www.antareshotel.com\/de\/wp-json\/wp\/v2\/pages\/249","targetHints":{"allow":["GET"]}}],"collection":[{"href":"https:\/\/www.antareshotel.com\/de\/wp-json\/wp\/v2\/pages"}],"about":[{"href":"https:\/\/www.antareshotel.com\/de\/wp-json\/wp\/v2\/types\/page"}],"author":[{"embeddable":true,"href":"https:\/\/www.antareshotel.com\/de\/wp-json\/wp\/v2\/users\/1"}],"replies":[{"embeddable":true,"href":"https:\/\/www.antareshotel.com\/de\/wp-json\/wp\/v2\/comments?post=249"}],"version-history":[{"count":0,"href":"https:\/\/www.antareshotel.com\/de\/wp-json\/wp\/v2\/pages\/249\/revisions"}],"wp:attachment":[{"href":"https:\/\/www.antareshotel.com\/de\/wp-json\/wp\/v2\/media?parent=249"}],"curies":[{"name":"wp","href":"https:\/\/api.w.org\/{rel}","templated":true}]}}