{"id":255,"date":"2017-07-11T16:17:57","date_gmt":"2017-07-11T14:17:57","guid":{"rendered":"https:\/\/www.antareshotel.com\/w-i-bimbi\/"},"modified":"2022-02-03T12:38:46","modified_gmt":"2022-02-03T11:38:46","slug":"willkommen-kinder","status":"publish","type":"page","link":"https:\/\/www.antareshotel.com\/de\/willkommen-kinder\/","title":{"rendered":"Familienhotel in Misano Adriatico: Willkommen, Kinder!"},"content":{"rendered":"<h2>Ihre Kinder sind verw\u00f6hnt, was die Ferien anbelangt? Seien Sie unbesorgt, <strong>denn im Hotel Antares haben wir an alles gedacht.<\/strong><\/h2>\n<p>Angefangen bei den ger\u00e4umigen Zimmern f\u00fcr die ganze Familie, Gerichte f\u00fcr jeden Geschmack,<strong> bis hin zu einem sympathischen Spielplatz f\u00fcr Kinder<\/strong>.<\/p>\n<p>Sie werden die Begeisterung und Sorgfalt einer Familie vorfinden, die sich um andere Familien k\u00fcmmert. Aufmerksamkeit und H\u00f6flichkeit gegen\u00fcber unseren kleineren G\u00e4sten sind f\u00fcr uns besonders wichtig, denn die Kinder sind halt der Mittelpunkt im Urlaub am Meer in Misano. Das Meer und die sicheren, f\u00fcr Kinder ausger\u00fcsteten Str\u00e4nde finden Sie gleich vor der Hotelt\u00fcr.<\/p>\n<p>&nbsp;<\/p>\n<div id='gallery-1' class='gallery galleryid-255 gallery-columns-3 gallery-size-large'><figure class='gallery-item'>\n\t\t\t\t<div class='gallery-icon landscape'>\n\t\t\t\t\t<a href='https:\/\/www.antareshotel.com\/wp-content\/uploads\/2017\/07\/Gallerygiochi.jpg' data-size=\"950x540\"><img loading=\"lazy\" decoding=\"async\" width=\"950\" height=\"540\" src=\"https:\/\/www.antareshotel.com\/wp-content\/uploads\/2017\/07\/Gallerygiochi.jpg\" class=\"attachment-large size-large\" alt=\"\" srcset=\"https:\/\/www.antareshotel.com\/wp-content\/uploads\/2017\/07\/Gallerygiochi.jpg 950w, https:\/\/www.antareshotel.com\/wp-content\/uploads\/2017\/07\/Gallerygiochi-768x437.jpg 768w, https:\/\/www.antareshotel.com\/wp-content\/uploads\/2017\/07\/Gallerygiochi-57x32.jpg 57w, https:\/\/www.antareshotel.com\/wp-content\/uploads\/2017\/07\/Gallerygiochi-72x41.jpg 72w, https:\/\/www.antareshotel.com\/wp-content\/uploads\/2017\/07\/Gallerygiochi-114x65.jpg 114w, https:\/\/www.antareshotel.com\/wp-content\/uploads\/2017\/07\/Gallerygiochi-144x82.jpg 144w\" sizes=\"auto, (max-width: 950px) 100vw, 950px\" \/><\/a>\n\t\t\t\t<\/div><\/figure><figure class='gallery-item'>\n\t\t\t\t<div class='gallery-icon landscape'>\n\t\t\t\t\t<a href='https:\/\/www.antareshotel.com\/wp-content\/uploads\/2017\/07\/Tempoliberospiaggia.jpg' data-size=\"950x540\"><img loading=\"lazy\" decoding=\"async\" width=\"950\" height=\"540\" src=\"https:\/\/www.antareshotel.com\/wp-content\/uploads\/2017\/07\/Tempoliberospiaggia.jpg\" class=\"attachment-large size-large\" alt=\"\" srcset=\"https:\/\/www.antareshotel.com\/wp-content\/uploads\/2017\/07\/Tempoliberospiaggia.jpg 950w, https:\/\/www.antareshotel.com\/wp-content\/uploads\/2017\/07\/Tempoliberospiaggia-768x437.jpg 768w, https:\/\/www.antareshotel.com\/wp-content\/uploads\/2017\/07\/Tempoliberospiaggia-57x32.jpg 57w, https:\/\/www.antareshotel.com\/wp-content\/uploads\/2017\/07\/Tempoliberospiaggia-72x41.jpg 72w, https:\/\/www.antareshotel.com\/wp-content\/uploads\/2017\/07\/Tempoliberospiaggia-114x65.jpg 114w, https:\/\/www.antareshotel.com\/wp-content\/uploads\/2017\/07\/Tempoliberospiaggia-144x82.jpg 144w\" sizes=\"auto, (max-width: 950px) 100vw, 950px\" \/><\/a>\n\t\t\t\t<\/div><\/figure>\n\t\t\t<\/div>\n\n<h3>Schauen Sie sich unsere Angebote und Familienpakete an. In unserem Hotel ist der Aufenthalt f\u00fcr ein Kind bis 7 Jahre in Begleitung von zwei Erwachsenen in bestimmten Zeitr\u00e4umen gratis.<\/h3>\n<p>Selbstverst\u00e4ndlich haben wir auch mit besonderen Tarifen an alleinerziehende Elternteile gedacht!<strong><br \/>\n<\/strong><br \/>\nAuf Anfrage stellen wir Kindersitze, Buggys, Babywannen und vieles andere mehr zur Verf\u00fcgung.<\/p>\n<h4>Die Preise k\u00f6nnen Sie entweder unserer Preisliste entnehmen oder Sie kontaktieren uns einfach, wir werden Ihnen alle Einzelheiten mitteilen!<\/h4>\n","protected":false},"excerpt":{"rendered":"<p>Ihre Kinder sind verw\u00f6hnt, was die Ferien anbelangt? Seien Sie unbesorgt, denn im Hotel Antares haben wir an alles gedacht. Angefangen bei den ger\u00e4umigen Zimmern f\u00fcr die ganze Familie, Gerichte f\u00fcr jeden Geschmack, bis hin zu einem sympathischen Spielplatz f\u00fcr Kinder. Sie werden die Begeisterung und Sorgfalt einer Familie vorfinden, die sich um andere Familien k\u00fcmmert. Aufmerksamkeit und H\u00f6flichkeit gegen\u00fcber unseren kleineren G\u00e4sten sind f\u00fcr uns besonders wichtig, denn die &#8230;<\/p>\n","protected":false},"author":1,"featured_media":0,"parent":0,"menu_order":0,"comment_status":"closed","ping_status":"closed","template":"","meta":{"_acf_changed":false},"class_list":["post-255","page","type-page","status-publish","hentry"],"acf":[],"_links":{"self":[{"href":"https:\/\/www.antareshotel.com\/de\/wp-json\/wp\/v2\/pages\/255","targetHints":{"allow":["GET"]}}],"collection":[{"href":"https:\/\/www.antareshotel.com\/de\/wp-json\/wp\/v2\/pages"}],"about":[{"href":"https:\/\/www.antareshotel.com\/de\/wp-json\/wp\/v2\/types\/page"}],"author":[{"embeddable":true,"href":"https:\/\/www.antareshotel.com\/de\/wp-json\/wp\/v2\/users\/1"}],"replies":[{"embeddable":true,"href":"https:\/\/www.antareshotel.com\/de\/wp-json\/wp\/v2\/comments?post=255"}],"version-history":[{"count":0,"href":"https:\/\/www.antareshotel.com\/de\/wp-json\/wp\/v2\/pages\/255\/revisions"}],"wp:attachment":[{"href":"https:\/\/www.antareshotel.com\/de\/wp-json\/wp\/v2\/media?parent=255"}],"curies":[{"name":"wp","href":"https:\/\/api.w.org\/{rel}","templated":true}]}}