{"id":259,"date":"2017-07-11T16:18:09","date_gmt":"2017-07-11T14:18:09","guid":{"rendered":"https:\/\/www.antareshotel.com\/dolce-sonno\/"},"modified":"2022-02-03T12:44:11","modified_gmt":"2022-02-03T11:44:11","slug":"suesse-traeume","status":"publish","type":"page","link":"https:\/\/www.antareshotel.com\/de\/suesse-traeume\/","title":{"rendered":"Komfortable und gem\u00fctliche Hotelzimmer f\u00fcr Familien in Misano Adriatico"},"content":{"rendered":"<p>In unserem Zimmer, sie verf\u00fcgen \u00fcber s\u00e4mtlichen Komfort, damit Sie Ihren Urlaub voll und ganz genie\u00dfen k\u00f6nnen. Wenn Sie mit Kindern verreisen, stehen unsere speziellen Familienzimmer f\u00fcr Sie bereit.<\/p>\n<p><span style=\"font-size: 14pt\"><strong>Air conditioning in jeden Zimmer im Preis einbegrifft.<\/strong><\/span><\/p>\n<p>Allen Hotelzimmer sind mit folgender Ausstattung eingerichtet: <strong>TV led &#8217;28<\/strong>, deckenventilator, duschkabine, haartrockner, digitaler Safe,<strong> klimaanlage\u00a0 frei, WLAN frei.<\/strong><\/p>\n<div id='gallery-1' class='gallery galleryid-259  gallery-size-large'><div class='owl-carousel owl-carousel-multiple-carousel-style'\n\t\t\t\t\t\t\tdata-owl-navigation='true'\n\t\t\t\t\t\t\tdata-owl-slide-speed='300'\n\t\t\t\t\t\t\tdata-owl-autoplay='false'\n\t\t\t\t\t\t\tdata-owl-dots='false'\n\t\t\t\t\t\t\tdata-owl-dots-speed='300'\n\t\t\t\t\t\t\tdata-owl-items-xs='1'data-owl-items-sm='2'data-owl-items-md='3'data-owl-items-lg='3'data-owl-items-xl='3'\n\t\t\t\t\t\t><figure class='gallery-item'>\n\t\t\t\t<div class='gallery-icon landscape'>\n\t\t\t\t\t<a href='https:\/\/www.antareshotel.com\/wp-content\/uploads\/2017\/07\/Gallerycamera1.jpg' data-size=\"950x540\"><img loading=\"lazy\" decoding=\"async\" width=\"950\" height=\"540\" src=\"https:\/\/www.antareshotel.com\/wp-content\/uploads\/2017\/07\/Gallerycamera1.jpg\" class=\"attachment-large size-large\" alt=\"\" srcset=\"https:\/\/www.antareshotel.com\/wp-content\/uploads\/2017\/07\/Gallerycamera1.jpg 950w, https:\/\/www.antareshotel.com\/wp-content\/uploads\/2017\/07\/Gallerycamera1-768x437.jpg 768w, https:\/\/www.antareshotel.com\/wp-content\/uploads\/2017\/07\/Gallerycamera1-57x32.jpg 57w, https:\/\/www.antareshotel.com\/wp-content\/uploads\/2017\/07\/Gallerycamera1-72x41.jpg 72w, https:\/\/www.antareshotel.com\/wp-content\/uploads\/2017\/07\/Gallerycamera1-114x65.jpg 114w, https:\/\/www.antareshotel.com\/wp-content\/uploads\/2017\/07\/Gallerycamera1-144x82.jpg 144w\" sizes=\"auto, (max-width: 950px) 100vw, 950px\" \/><\/a>\n\t\t\t\t<\/div><\/figure><figure class='gallery-item'>\n\t\t\t\t<div class='gallery-icon landscape'>\n\t\t\t\t\t<a href='https:\/\/www.antareshotel.com\/wp-content\/uploads\/2017\/07\/Gallerycamera2.jpg' data-size=\"950x540\"><img loading=\"lazy\" decoding=\"async\" width=\"950\" height=\"540\" src=\"https:\/\/www.antareshotel.com\/wp-content\/uploads\/2017\/07\/Gallerycamera2.jpg\" class=\"attachment-large size-large\" alt=\"\" srcset=\"https:\/\/www.antareshotel.com\/wp-content\/uploads\/2017\/07\/Gallerycamera2.jpg 950w, https:\/\/www.antareshotel.com\/wp-content\/uploads\/2017\/07\/Gallerycamera2-768x437.jpg 768w, https:\/\/www.antareshotel.com\/wp-content\/uploads\/2017\/07\/Gallerycamera2-57x32.jpg 57w, https:\/\/www.antareshotel.com\/wp-content\/uploads\/2017\/07\/Gallerycamera2-72x41.jpg 72w, https:\/\/www.antareshotel.com\/wp-content\/uploads\/2017\/07\/Gallerycamera2-114x65.jpg 114w, https:\/\/www.antareshotel.com\/wp-content\/uploads\/2017\/07\/Gallerycamera2-144x82.jpg 144w\" sizes=\"auto, (max-width: 950px) 100vw, 950px\" \/><\/a>\n\t\t\t\t<\/div><\/figure><figure class='gallery-item'>\n\t\t\t\t<div class='gallery-icon landscape'>\n\t\t\t\t\t<a href='https:\/\/www.antareshotel.com\/wp-content\/uploads\/2017\/07\/Gallerycamera3.jpg' data-size=\"950x540\"><img loading=\"lazy\" decoding=\"async\" width=\"950\" height=\"540\" src=\"https:\/\/www.antareshotel.com\/wp-content\/uploads\/2017\/07\/Gallerycamera3.jpg\" class=\"attachment-large size-large\" alt=\"\" srcset=\"https:\/\/www.antareshotel.com\/wp-content\/uploads\/2017\/07\/Gallerycamera3.jpg 950w, https:\/\/www.antareshotel.com\/wp-content\/uploads\/2017\/07\/Gallerycamera3-768x437.jpg 768w, https:\/\/www.antareshotel.com\/wp-content\/uploads\/2017\/07\/Gallerycamera3-57x32.jpg 57w, https:\/\/www.antareshotel.com\/wp-content\/uploads\/2017\/07\/Gallerycamera3-72x41.jpg 72w, https:\/\/www.antareshotel.com\/wp-content\/uploads\/2017\/07\/Gallerycamera3-114x65.jpg 114w, https:\/\/www.antareshotel.com\/wp-content\/uploads\/2017\/07\/Gallerycamera3-144x82.jpg 144w\" sizes=\"auto, (max-width: 950px) 100vw, 950px\" \/><\/a>\n\t\t\t\t<\/div><\/figure><figure class='gallery-item'>\n\t\t\t\t<div class='gallery-icon landscape'>\n\t\t\t\t\t<a href='https:\/\/www.antareshotel.com\/wp-content\/uploads\/2017\/07\/RM_20160624_1045_M0U1680.jpg' data-size=\"950x540\"><img loading=\"lazy\" decoding=\"async\" width=\"950\" height=\"540\" src=\"https:\/\/www.antareshotel.com\/wp-content\/uploads\/2017\/07\/RM_20160624_1045_M0U1680.jpg\" class=\"attachment-large size-large\" alt=\"\" srcset=\"https:\/\/www.antareshotel.com\/wp-content\/uploads\/2017\/07\/RM_20160624_1045_M0U1680.jpg 950w, https:\/\/www.antareshotel.com\/wp-content\/uploads\/2017\/07\/RM_20160624_1045_M0U1680-768x437.jpg 768w, https:\/\/www.antareshotel.com\/wp-content\/uploads\/2017\/07\/RM_20160624_1045_M0U1680-57x32.jpg 57w, https:\/\/www.antareshotel.com\/wp-content\/uploads\/2017\/07\/RM_20160624_1045_M0U1680-72x41.jpg 72w, https:\/\/www.antareshotel.com\/wp-content\/uploads\/2017\/07\/RM_20160624_1045_M0U1680-114x65.jpg 114w, https:\/\/www.antareshotel.com\/wp-content\/uploads\/2017\/07\/RM_20160624_1045_M0U1680-144x82.jpg 144w\" sizes=\"auto, (max-width: 950px) 100vw, 950px\" \/><\/a>\n\t\t\t\t<\/div><\/figure><figure class='gallery-item'>\n\t\t\t\t<div class='gallery-icon landscape'>\n\t\t\t\t\t<a href='https:\/\/www.antareshotel.com\/wp-content\/uploads\/2017\/07\/RM_20160624_1047_M0U1683.jpg' data-size=\"950x540\"><img loading=\"lazy\" decoding=\"async\" width=\"950\" height=\"540\" src=\"https:\/\/www.antareshotel.com\/wp-content\/uploads\/2017\/07\/RM_20160624_1047_M0U1683.jpg\" class=\"attachment-large size-large\" alt=\"\" srcset=\"https:\/\/www.antareshotel.com\/wp-content\/uploads\/2017\/07\/RM_20160624_1047_M0U1683.jpg 950w, https:\/\/www.antareshotel.com\/wp-content\/uploads\/2017\/07\/RM_20160624_1047_M0U1683-768x437.jpg 768w, https:\/\/www.antareshotel.com\/wp-content\/uploads\/2017\/07\/RM_20160624_1047_M0U1683-57x32.jpg 57w, https:\/\/www.antareshotel.com\/wp-content\/uploads\/2017\/07\/RM_20160624_1047_M0U1683-72x41.jpg 72w, https:\/\/www.antareshotel.com\/wp-content\/uploads\/2017\/07\/RM_20160624_1047_M0U1683-114x65.jpg 114w, https:\/\/www.antareshotel.com\/wp-content\/uploads\/2017\/07\/RM_20160624_1047_M0U1683-144x82.jpg 144w\" sizes=\"auto, (max-width: 950px) 100vw, 950px\" \/><\/a>\n\t\t\t\t<\/div><\/figure><figure class='gallery-item'>\n\t\t\t\t<div class='gallery-icon landscape'>\n\t\t\t\t\t<a href='https:\/\/www.antareshotel.com\/wp-content\/uploads\/2017\/07\/RM_20160624_1049_M0U1686.jpg' data-size=\"950x540\"><img loading=\"lazy\" decoding=\"async\" width=\"950\" height=\"540\" src=\"https:\/\/www.antareshotel.com\/wp-content\/uploads\/2017\/07\/RM_20160624_1049_M0U1686.jpg\" class=\"attachment-large size-large\" alt=\"\" srcset=\"https:\/\/www.antareshotel.com\/wp-content\/uploads\/2017\/07\/RM_20160624_1049_M0U1686.jpg 950w, https:\/\/www.antareshotel.com\/wp-content\/uploads\/2017\/07\/RM_20160624_1049_M0U1686-768x437.jpg 768w, https:\/\/www.antareshotel.com\/wp-content\/uploads\/2017\/07\/RM_20160624_1049_M0U1686-57x32.jpg 57w, https:\/\/www.antareshotel.com\/wp-content\/uploads\/2017\/07\/RM_20160624_1049_M0U1686-72x41.jpg 72w, https:\/\/www.antareshotel.com\/wp-content\/uploads\/2017\/07\/RM_20160624_1049_M0U1686-114x65.jpg 114w, https:\/\/www.antareshotel.com\/wp-content\/uploads\/2017\/07\/RM_20160624_1049_M0U1686-144x82.jpg 144w\" sizes=\"auto, (max-width: 950px) 100vw, 950px\" \/><\/a>\n\t\t\t\t<\/div><\/figure>\n\t\t\t<\/div>\n<\/div>\n\n<p><strong>Schauen Sie sich unsere Preise an und fragen Sie nach einem individuellen Angebot. Wir freuen uns, Ihnen sch\u00f6ne Ferien zu bereiten!<\/strong><\/p>\n","protected":false},"excerpt":{"rendered":"<p>In unserem Zimmer, sie verf\u00fcgen \u00fcber s\u00e4mtlichen Komfort, damit Sie Ihren Urlaub voll und ganz genie\u00dfen k\u00f6nnen. Wenn Sie mit Kindern verreisen, stehen unsere speziellen Familienzimmer f\u00fcr Sie bereit. Air conditioning in jeden Zimmer im Preis einbegrifft. Allen Hotelzimmer sind mit folgender Ausstattung eingerichtet: TV led &#8217;28, deckenventilator, duschkabine, haartrockner, digitaler Safe, klimaanlage\u00a0 frei, WLAN frei. Schauen Sie sich unsere Preise an und fragen Sie nach einem individuellen Angebot. Wir &#8230;<\/p>\n","protected":false},"author":1,"featured_media":0,"parent":0,"menu_order":0,"comment_status":"closed","ping_status":"closed","template":"","meta":{"_acf_changed":false},"class_list":["post-259","page","type-page","status-publish","hentry"],"acf":[],"_links":{"self":[{"href":"https:\/\/www.antareshotel.com\/de\/wp-json\/wp\/v2\/pages\/259","targetHints":{"allow":["GET"]}}],"collection":[{"href":"https:\/\/www.antareshotel.com\/de\/wp-json\/wp\/v2\/pages"}],"about":[{"href":"https:\/\/www.antareshotel.com\/de\/wp-json\/wp\/v2\/types\/page"}],"author":[{"embeddable":true,"href":"https:\/\/www.antareshotel.com\/de\/wp-json\/wp\/v2\/users\/1"}],"replies":[{"embeddable":true,"href":"https:\/\/www.antareshotel.com\/de\/wp-json\/wp\/v2\/comments?post=259"}],"version-history":[{"count":0,"href":"https:\/\/www.antareshotel.com\/de\/wp-json\/wp\/v2\/pages\/259\/revisions"}],"wp:attachment":[{"href":"https:\/\/www.antareshotel.com\/de\/wp-json\/wp\/v2\/media?parent=259"}],"curies":[{"name":"wp","href":"https:\/\/api.w.org\/{rel}","templated":true}]}}