{"id":199,"date":"2016-07-29T12:11:55","date_gmt":"2016-07-29T10:11:55","guid":{"rendered":"https:\/\/www.antareshotel.com\/pagina-di-esempio\/"},"modified":"2026-03-16T17:46:25","modified_gmt":"2026-03-16T16:46:25","slug":"pagina-di-esempio","status":"publish","type":"page","link":"https:\/\/www.antareshotel.com\/fr\/","title":{"rendered":"Vacances pour familles \u00e0 Misano Rimini"},"content":{"rendered":"<div>\n<h2><strong>Vous \u00eates pr\u00eats \u00e0 vivre des vacances \u00e0 la mer dans un cadre accueillant et sympathique?<\/strong><\/h2>\n<p>Nous vous attendons \u00e0 l\u2019H\u00f4tel Antares de Misano Adriatico o\u00f9 vous trouverez d\u00e9tente et divertissement <strong>\u00e0 20 m\u00e8tres seulement de la plage<\/strong>.<\/p>\n<p>Confort, d\u00e9tente et bien s\u00fbr la courtoisie.<\/p>\n<p>Voil\u00e0 bien les ingr\u00e9dients pour des vacances r\u00e9ussies \u00e0 Misano Adriatico.<br \/>\nConsultez nos offres <strong>pour toute la famille<\/strong>, <strong>les remises sp\u00e9ciales enfant<\/strong>s et les nombreuses autres occasions de divertissement et de d\u00e9tente que nous avons con\u00e7ues pour vous.<\/p>\n<p><strong>Wi-Fi ultra rapide gratuit dans tout l&rsquo;hotel.<br \/>\n<\/strong><\/p>\n<h3>Climatisation dans toute les chambres inclus dans les tarifs<\/h3>\n<\/div>\n<div><\/div>\n","protected":false},"excerpt":{"rendered":"<p>Vous \u00eates pr\u00eats \u00e0 vivre des vacances \u00e0 la mer dans un cadre accueillant et sympathique? Nous vous attendons \u00e0 l\u2019H\u00f4tel Antares de Misano Adriatico o\u00f9 vous trouverez d\u00e9tente et divertissement \u00e0 20 m\u00e8tres seulement de la plage. Confort, d\u00e9tente et bien s\u00fbr la courtoisie. Voil\u00e0 bien les ingr\u00e9dients pour des vacances r\u00e9ussies \u00e0 Misano Adriatico. Consultez nos offres pour toute la famille, les remises sp\u00e9ciales enfants et les nombreuses &#8230;<\/p>\n","protected":false},"author":1,"featured_media":0,"parent":0,"menu_order":0,"comment_status":"closed","ping_status":"open","template":"","meta":{"_acf_changed":false},"class_list":["post-199","page","type-page","status-publish","hentry"],"acf":[],"_links":{"self":[{"href":"https:\/\/www.antareshotel.com\/fr\/wp-json\/wp\/v2\/pages\/199","targetHints":{"allow":["GET"]}}],"collection":[{"href":"https:\/\/www.antareshotel.com\/fr\/wp-json\/wp\/v2\/pages"}],"about":[{"href":"https:\/\/www.antareshotel.com\/fr\/wp-json\/wp\/v2\/types\/page"}],"author":[{"embeddable":true,"href":"https:\/\/www.antareshotel.com\/fr\/wp-json\/wp\/v2\/users\/1"}],"replies":[{"embeddable":true,"href":"https:\/\/www.antareshotel.com\/fr\/wp-json\/wp\/v2\/comments?post=199"}],"version-history":[{"count":0,"href":"https:\/\/www.antareshotel.com\/fr\/wp-json\/wp\/v2\/pages\/199\/revisions"}],"wp:attachment":[{"href":"https:\/\/www.antareshotel.com\/fr\/wp-json\/wp\/v2\/media?parent=199"}],"curies":[{"name":"wp","href":"https:\/\/api.w.org\/{rel}","templated":true}]}}