{"id":218,"date":"2017-07-11T16:37:12","date_gmt":"2017-07-11T14:37:12","guid":{"rendered":"https:\/\/www.antareshotel.com\/come-a-casa\/"},"modified":"2026-03-16T17:41:12","modified_gmt":"2026-03-16T16:41:12","slug":"comme-chez-vous","status":"publish","type":"page","link":"https:\/\/www.antareshotel.com\/fr\/comme-chez-vous\/","title":{"rendered":"H\u00f4tel 2 \u00e9toiles \u00e0 Misano Adriatico: tout le plaisir de vos vacances \u00e0 la mer"},"content":{"rendered":"<h2>\u00c0 20 m\u00e8tres seulement de la plage, dans un cadre lumineux et accueillant, vous trouverez le lieu id\u00e9al pour vos vacances sur la Riviera de la Romagne.<\/h2>\n<h4>Enthousiasme, attitude professionnelle et services de qualit\u00e9<strong> \u00e0 un prix raisonnable sont nos points forts!<\/strong><\/h4>\n<h4>Nous tenons surtout \u00e0 vous faire sentir \u00e0 l\u2019aise, <strong>comme \u00e0 la maison<\/strong> et notre sourire ne vous manquera jamais.<\/h4>\n<p>Vos enfants b\u00e9n\u00e9ficient d\u2019un traitement pr\u00e9f\u00e9rentiel et ont \u00e0 disposition une aire de jeux ainsi que des services \u00e9tudi\u00e9s pour satisfaire leurs exigences \u00e0 des prix vraiment avantageux.<\/p>\n<p>Nous vous offrons par ailleurs une connexion\u00a0 ultra rapide <strong>wifi gratuite dans tout l&rsquo;hotel ainsi qu&rsquo;un parking privatif gard\u00e9 \u00e0 300 m\u00e8tre de l&rsquo;h\u00f4tel.\u00a0\u00a0<\/strong><\/p>\n<h3><span style=\"font-size: 14pt\"><strong>Air conditioning dans toutes les chambres inclus dans les tarifs.<\/strong><\/span><\/h3>\n<div id='gallery-1' class='gallery galleryid-218 gallery-columns-3 gallery-size-large'><figure class='gallery-item'>\n\t\t\t\t<div class='gallery-icon landscape'>\n\t\t\t\t\t<a href='https:\/\/www.antareshotel.com\/wp-content\/uploads\/2017\/07\/comeacasa-gallery-1.jpg' data-size=\"950x540\"><img loading=\"lazy\" decoding=\"async\" width=\"950\" height=\"540\" src=\"https:\/\/www.antareshotel.com\/wp-content\/uploads\/2017\/07\/comeacasa-gallery-1.jpg\" class=\"attachment-large size-large\" alt=\"\" srcset=\"https:\/\/www.antareshotel.com\/wp-content\/uploads\/2017\/07\/comeacasa-gallery-1.jpg 950w, https:\/\/www.antareshotel.com\/wp-content\/uploads\/2017\/07\/comeacasa-gallery-1-768x437.jpg 768w, https:\/\/www.antareshotel.com\/wp-content\/uploads\/2017\/07\/comeacasa-gallery-1-57x32.jpg 57w, https:\/\/www.antareshotel.com\/wp-content\/uploads\/2017\/07\/comeacasa-gallery-1-72x41.jpg 72w, https:\/\/www.antareshotel.com\/wp-content\/uploads\/2017\/07\/comeacasa-gallery-1-114x65.jpg 114w, https:\/\/www.antareshotel.com\/wp-content\/uploads\/2017\/07\/comeacasa-gallery-1-144x82.jpg 144w\" sizes=\"auto, (max-width: 950px) 100vw, 950px\" \/><\/a>\n\t\t\t\t<\/div><\/figure><figure class='gallery-item'>\n\t\t\t\t<div class='gallery-icon landscape'>\n\t\t\t\t\t<a href='https:\/\/www.antareshotel.com\/wp-content\/uploads\/2017\/07\/comeacasa-gallery-3.jpg' data-size=\"950x540\"><img loading=\"lazy\" decoding=\"async\" width=\"950\" height=\"540\" src=\"https:\/\/www.antareshotel.com\/wp-content\/uploads\/2017\/07\/comeacasa-gallery-3.jpg\" class=\"attachment-large size-large\" alt=\"\" srcset=\"https:\/\/www.antareshotel.com\/wp-content\/uploads\/2017\/07\/comeacasa-gallery-3.jpg 950w, https:\/\/www.antareshotel.com\/wp-content\/uploads\/2017\/07\/comeacasa-gallery-3-768x437.jpg 768w, https:\/\/www.antareshotel.com\/wp-content\/uploads\/2017\/07\/comeacasa-gallery-3-57x32.jpg 57w, https:\/\/www.antareshotel.com\/wp-content\/uploads\/2017\/07\/comeacasa-gallery-3-72x41.jpg 72w, https:\/\/www.antareshotel.com\/wp-content\/uploads\/2017\/07\/comeacasa-gallery-3-114x65.jpg 114w, https:\/\/www.antareshotel.com\/wp-content\/uploads\/2017\/07\/comeacasa-gallery-3-144x82.jpg 144w\" sizes=\"auto, (max-width: 950px) 100vw, 950px\" \/><\/a>\n\t\t\t\t<\/div><\/figure><figure class='gallery-item'>\n\t\t\t\t<div class='gallery-icon landscape'>\n\t\t\t\t\t<a href='https:\/\/www.antareshotel.com\/wp-content\/uploads\/2017\/07\/comeacasa-gallery-2.jpg' data-size=\"950x540\"><img loading=\"lazy\" decoding=\"async\" width=\"950\" height=\"540\" src=\"https:\/\/www.antareshotel.com\/wp-content\/uploads\/2017\/07\/comeacasa-gallery-2.jpg\" class=\"attachment-large size-large\" alt=\"\" srcset=\"https:\/\/www.antareshotel.com\/wp-content\/uploads\/2017\/07\/comeacasa-gallery-2.jpg 950w, https:\/\/www.antareshotel.com\/wp-content\/uploads\/2017\/07\/comeacasa-gallery-2-768x437.jpg 768w, https:\/\/www.antareshotel.com\/wp-content\/uploads\/2017\/07\/comeacasa-gallery-2-57x32.jpg 57w, https:\/\/www.antareshotel.com\/wp-content\/uploads\/2017\/07\/comeacasa-gallery-2-72x41.jpg 72w, https:\/\/www.antareshotel.com\/wp-content\/uploads\/2017\/07\/comeacasa-gallery-2-114x65.jpg 114w, https:\/\/www.antareshotel.com\/wp-content\/uploads\/2017\/07\/comeacasa-gallery-2-144x82.jpg 144w\" sizes=\"auto, (max-width: 950px) 100vw, 950px\" \/><\/a>\n\t\t\t\t<\/div><\/figure>\n\t\t\t<\/div>\n\n<p>L\u2019h\u00f4tel se trouve dans une zone qui devient pi\u00e9tonne en soir\u00e9e et \u00e0 quelques pas seulement d\u2019un tr\u00e8s beau jardin public \u00e9quip\u00e9 de man\u00e8ges et d\u2019une piste de bal sous les \u00e9toiles ; chaque semaine des soir\u00e9es dansantes y sont organis\u00e9es avec les meilleurs orchestres de la Romagne.<\/p>\n<h2>Venez nous rendre visite, nous vous attendons!<\/h2>\n","protected":false},"excerpt":{"rendered":"<p>\u00c0 20 m\u00e8tres seulement de la plage, dans un cadre lumineux et accueillant, vous trouverez le lieu id\u00e9al pour vos vacances sur la Riviera de la Romagne. Enthousiasme, attitude professionnelle et services de qualit\u00e9 \u00e0 un prix raisonnable sont nos points forts! Nous tenons surtout \u00e0 vous faire sentir \u00e0 l\u2019aise, comme \u00e0 la maison et notre sourire ne vous manquera jamais. Vos enfants b\u00e9n\u00e9ficient d\u2019un traitement pr\u00e9f\u00e9rentiel et ont &#8230;<\/p>\n","protected":false},"author":1,"featured_media":0,"parent":0,"menu_order":0,"comment_status":"closed","ping_status":"closed","template":"","meta":{"_acf_changed":false},"class_list":["post-218","page","type-page","status-publish","hentry"],"acf":[],"_links":{"self":[{"href":"https:\/\/www.antareshotel.com\/fr\/wp-json\/wp\/v2\/pages\/218","targetHints":{"allow":["GET"]}}],"collection":[{"href":"https:\/\/www.antareshotel.com\/fr\/wp-json\/wp\/v2\/pages"}],"about":[{"href":"https:\/\/www.antareshotel.com\/fr\/wp-json\/wp\/v2\/types\/page"}],"author":[{"embeddable":true,"href":"https:\/\/www.antareshotel.com\/fr\/wp-json\/wp\/v2\/users\/1"}],"replies":[{"embeddable":true,"href":"https:\/\/www.antareshotel.com\/fr\/wp-json\/wp\/v2\/comments?post=218"}],"version-history":[{"count":0,"href":"https:\/\/www.antareshotel.com\/fr\/wp-json\/wp\/v2\/pages\/218\/revisions"}],"wp:attachment":[{"href":"https:\/\/www.antareshotel.com\/fr\/wp-json\/wp\/v2\/media?parent=218"}],"curies":[{"name":"wp","href":"https:\/\/api.w.org\/{rel}","templated":true}]}}