{"id":237,"date":"2017-07-11T16:18:20","date_gmt":"2017-07-11T14:18:20","guid":{"rendered":"https:\/\/www.antareshotel.com\/tempo-libero\/"},"modified":"2017-08-09T09:41:01","modified_gmt":"2017-08-09T07:41:01","slug":"temps-libre","status":"publish","type":"page","link":"https:\/\/www.antareshotel.com\/fr\/temps-libre\/","title":{"rendered":"Des vacances \u00e0 la mer \u00e0 Misano: de la plage au circuit automobile avec un d\u00e9tour dans l\u2019arri\u00e8re-pays."},"content":{"rendered":"<h2>La Riviera de la Romagne est \u00e9galement appel\u00e9e la Riviera des enfants en raison de nos <strong>plages qui sont \u00e0 la fois s\u00fbres et anim\u00e9es pendant tout l\u2019\u00e9t\u00e9<\/strong>!<\/h2>\n<p>Les \u00e9tablissements baln\u00e9aires pr\u00e8s de l&rsquo;h\u00f4tel sont conventionn\u00e9s avec nous et vous accueilleront en toute sympathie. La d\u00e9tente et le <strong>divertissement pour tous les \u00e2ges<\/strong> sont assur\u00e9s.<\/p>\n<p>Tennis de plage, volleyball, piscine, jeux gonflables, animation, gymnastique et bien d\u2019autres activit\u00e9s encore\u2026<\/p>\n<p>Si vous aimez explorer, notre arri\u00e8re-pays ne vous d\u00e9cevra pas tant il est riche d\u2019histoire: forteresses, l\u00e9gendes et traditions, <strong>bourgs m\u00e9di\u00e9vaux<\/strong>, f\u00eates de village et auberges seront autant d\u2019occasions de d\u00e9couvrir nos tr\u00e9sors.<\/p>\n<div id='gallery-1' class='gallery galleryid-237 gallery-columns-3 gallery-size-large'><figure class='gallery-item'>\n\t\t\t\t<div class='gallery-icon landscape'>\n\t\t\t\t\t<a href='https:\/\/www.antareshotel.com\/wp-content\/uploads\/2017\/07\/Tempoliberomotogp-1.jpg' data-size=\"950x540\"><img loading=\"lazy\" decoding=\"async\" width=\"950\" height=\"540\" src=\"https:\/\/www.antareshotel.com\/wp-content\/uploads\/2017\/07\/Tempoliberomotogp-1.jpg\" class=\"attachment-large size-large\" alt=\"\" srcset=\"https:\/\/www.antareshotel.com\/wp-content\/uploads\/2017\/07\/Tempoliberomotogp-1.jpg 950w, https:\/\/www.antareshotel.com\/wp-content\/uploads\/2017\/07\/Tempoliberomotogp-1-768x437.jpg 768w, https:\/\/www.antareshotel.com\/wp-content\/uploads\/2017\/07\/Tempoliberomotogp-1-57x32.jpg 57w, https:\/\/www.antareshotel.com\/wp-content\/uploads\/2017\/07\/Tempoliberomotogp-1-72x41.jpg 72w, https:\/\/www.antareshotel.com\/wp-content\/uploads\/2017\/07\/Tempoliberomotogp-1-114x65.jpg 114w, https:\/\/www.antareshotel.com\/wp-content\/uploads\/2017\/07\/Tempoliberomotogp-1-144x82.jpg 144w\" sizes=\"auto, (max-width: 950px) 100vw, 950px\" \/><\/a>\n\t\t\t\t<\/div><\/figure><figure class='gallery-item'>\n\t\t\t\t<div class='gallery-icon landscape'>\n\t\t\t\t\t<a href='https:\/\/www.antareshotel.com\/wp-content\/uploads\/2017\/07\/Tempoliberobici.jpg' data-size=\"950x540\"><img loading=\"lazy\" decoding=\"async\" width=\"950\" height=\"540\" src=\"https:\/\/www.antareshotel.com\/wp-content\/uploads\/2017\/07\/Tempoliberobici.jpg\" class=\"attachment-large size-large\" alt=\"\" srcset=\"https:\/\/www.antareshotel.com\/wp-content\/uploads\/2017\/07\/Tempoliberobici.jpg 950w, https:\/\/www.antareshotel.com\/wp-content\/uploads\/2017\/07\/Tempoliberobici-768x437.jpg 768w, https:\/\/www.antareshotel.com\/wp-content\/uploads\/2017\/07\/Tempoliberobici-57x32.jpg 57w, https:\/\/www.antareshotel.com\/wp-content\/uploads\/2017\/07\/Tempoliberobici-72x41.jpg 72w, https:\/\/www.antareshotel.com\/wp-content\/uploads\/2017\/07\/Tempoliberobici-114x65.jpg 114w, https:\/\/www.antareshotel.com\/wp-content\/uploads\/2017\/07\/Tempoliberobici-144x82.jpg 144w\" sizes=\"auto, (max-width: 950px) 100vw, 950px\" \/><\/a>\n\t\t\t\t<\/div><\/figure><figure class='gallery-item'>\n\t\t\t\t<div class='gallery-icon landscape'>\n\t\t\t\t\t<a href='https:\/\/www.antareshotel.com\/wp-content\/uploads\/2017\/07\/Tempoliberospiaggia.jpg' data-size=\"950x540\"><img loading=\"lazy\" decoding=\"async\" width=\"950\" height=\"540\" src=\"https:\/\/www.antareshotel.com\/wp-content\/uploads\/2017\/07\/Tempoliberospiaggia.jpg\" class=\"attachment-large size-large\" alt=\"\" srcset=\"https:\/\/www.antareshotel.com\/wp-content\/uploads\/2017\/07\/Tempoliberospiaggia.jpg 950w, https:\/\/www.antareshotel.com\/wp-content\/uploads\/2017\/07\/Tempoliberospiaggia-768x437.jpg 768w, https:\/\/www.antareshotel.com\/wp-content\/uploads\/2017\/07\/Tempoliberospiaggia-57x32.jpg 57w, https:\/\/www.antareshotel.com\/wp-content\/uploads\/2017\/07\/Tempoliberospiaggia-72x41.jpg 72w, https:\/\/www.antareshotel.com\/wp-content\/uploads\/2017\/07\/Tempoliberospiaggia-114x65.jpg 114w, https:\/\/www.antareshotel.com\/wp-content\/uploads\/2017\/07\/Tempoliberospiaggia-144x82.jpg 144w\" sizes=\"auto, (max-width: 950px) 100vw, 950px\" \/><\/a>\n\t\t\t\t<\/div><\/figure>\n\t\t\t<\/div>\n\n<p>Si vous \u00eates <strong>passionn\u00e9s de courses automobiles<\/strong>, vous pourrez aller au Circuit de Santa Monica qui se trouve \u00e0 seulement 3 km de l&rsquo;H\u00f4tel Antares. une visite s\u2019impose \u00e9galement au mus\u00e9e d\u00e9di\u00e9 au pilote Marco Simoncelli, qui se trouve \u00e0 6 km.<\/p>\n<p>Si par contre il farniente est votre passion, nous sommes \u00e0 1 km des Thermes de Riccione : cures thermales et tout un univers de bien-\u00eatre.<\/p>\n<h3>Nous vous attendons \u00e0 la mer \u00e0 Misano Adriatico !<\/h3>\n","protected":false},"excerpt":{"rendered":"<p>La Riviera de la Romagne est \u00e9galement appel\u00e9e la Riviera des enfants en raison de nos plages qui sont \u00e0 la fois s\u00fbres et anim\u00e9es pendant tout l\u2019\u00e9t\u00e9! Les \u00e9tablissements baln\u00e9aires pr\u00e8s de l&rsquo;h\u00f4tel sont conventionn\u00e9s avec nous et vous accueilleront en toute sympathie. La d\u00e9tente et le divertissement pour tous les \u00e2ges sont assur\u00e9s. Tennis de plage, volleyball, piscine, jeux gonflables, animation, gymnastique et bien d\u2019autres activit\u00e9s encore\u2026 Si &#8230;<\/p>\n","protected":false},"author":1,"featured_media":0,"parent":0,"menu_order":0,"comment_status":"closed","ping_status":"closed","template":"","meta":{"_acf_changed":false},"class_list":["post-237","page","type-page","status-publish","hentry"],"acf":[],"_links":{"self":[{"href":"https:\/\/www.antareshotel.com\/fr\/wp-json\/wp\/v2\/pages\/237","targetHints":{"allow":["GET"]}}],"collection":[{"href":"https:\/\/www.antareshotel.com\/fr\/wp-json\/wp\/v2\/pages"}],"about":[{"href":"https:\/\/www.antareshotel.com\/fr\/wp-json\/wp\/v2\/types\/page"}],"author":[{"embeddable":true,"href":"https:\/\/www.antareshotel.com\/fr\/wp-json\/wp\/v2\/users\/1"}],"replies":[{"embeddable":true,"href":"https:\/\/www.antareshotel.com\/fr\/wp-json\/wp\/v2\/comments?post=237"}],"version-history":[{"count":0,"href":"https:\/\/www.antareshotel.com\/fr\/wp-json\/wp\/v2\/pages\/237\/revisions"}],"wp:attachment":[{"href":"https:\/\/www.antareshotel.com\/fr\/wp-json\/wp\/v2\/media?parent=237"}],"curies":[{"name":"wp","href":"https:\/\/api.w.org\/{rel}","templated":true}]}}