{"id":243,"date":"2016-08-01T14:55:13","date_gmt":"2016-08-01T12:55:13","guid":{"rendered":"https:\/\/www.antareshotel.com\/dove-siamo\/"},"modified":"2017-08-07T10:52:06","modified_gmt":"2017-08-07T08:52:06","slug":"ou-sommes-nous","status":"publish","type":"page","link":"https:\/\/www.antareshotel.com\/fr\/ou-sommes-nous\/","title":{"rendered":"Position"},"content":{"rendered":"<p><strong>Nous sommes au c\u0153ur de Misano Adriatico seulement 20 mt. par la mer &#8230;<\/strong><br \/>\nCi-dessous vous pouvez voir l&#8217;emplacement exact de l&rsquo;h\u00f4tel sur Google Map et calculer l&rsquo;itin\u00e9raire depuis votre point de d\u00e9part!<\/p>\n","protected":false},"excerpt":{"rendered":"<p>Nous sommes au c\u0153ur de Misano Adriatico seulement 20 mt. par la mer &#8230; Ci-dessous vous pouvez voir l&#8217;emplacement exact de l&rsquo;h\u00f4tel sur Google Map et calculer l&rsquo;itin\u00e9raire depuis votre point de d\u00e9part!<\/p>\n","protected":false},"author":1,"featured_media":0,"parent":0,"menu_order":0,"comment_status":"closed","ping_status":"closed","template":"template\/template.mappa.php","meta":{"_acf_changed":false},"class_list":["post-243","page","type-page","status-publish","hentry"],"acf":[],"_links":{"self":[{"href":"https:\/\/www.antareshotel.com\/fr\/wp-json\/wp\/v2\/pages\/243","targetHints":{"allow":["GET"]}}],"collection":[{"href":"https:\/\/www.antareshotel.com\/fr\/wp-json\/wp\/v2\/pages"}],"about":[{"href":"https:\/\/www.antareshotel.com\/fr\/wp-json\/wp\/v2\/types\/page"}],"author":[{"embeddable":true,"href":"https:\/\/www.antareshotel.com\/fr\/wp-json\/wp\/v2\/users\/1"}],"replies":[{"embeddable":true,"href":"https:\/\/www.antareshotel.com\/fr\/wp-json\/wp\/v2\/comments?post=243"}],"version-history":[{"count":0,"href":"https:\/\/www.antareshotel.com\/fr\/wp-json\/wp\/v2\/pages\/243\/revisions"}],"wp:attachment":[{"href":"https:\/\/www.antareshotel.com\/fr\/wp-json\/wp\/v2\/media?parent=243"}],"curies":[{"name":"wp","href":"https:\/\/api.w.org\/{rel}","templated":true}]}}