{"id":248,"date":"2016-08-01T15:06:50","date_gmt":"2016-08-01T13:06:50","guid":{"rendered":"https:\/\/www.antareshotel.com\/la-cucina\/"},"modified":"2020-05-27T19:30:37","modified_gmt":"2020-05-27T17:30:37","slug":"la-cuisine","status":"publish","type":"page","link":"https:\/\/www.antareshotel.com\/fr\/la-cuisine\/","title":{"rendered":"La cuisine est typiquement romagnole : saveurs et d\u00e9lices de notre terroir"},"content":{"rendered":"<h2>Qu\u2019y a-t-il de mieux qu\u2019un bon petit d\u00e9jeuner pour bien commencer sa journ\u00e9e?<\/h2>\n<p>Riche assortiment : yaourt, c\u00e9r\u00e9ales et confitures, charcuterie, formages, tartes, g\u00e2teaux et croissants chauds et bien d&rsquo;autres encore vous attend.<\/p>\n<p>\u00c0 votre retour de la plage, vous pourrez vous d\u00e9tendre et savourer votre repas dans notre<strong> salle \u00e0 manger climatis\u00e9e<\/strong>.<br \/>\nNous proposons une cuisine traditionnelle simple et authentique, \u00e0 base des produits de notre r\u00e9gion, avec un choix de deux menus, l\u00e9gumes et de salades toujours frais, tout confortablement servi \u00e0 table par notre personnel.<\/p>\n<p><strong>N\u2019h\u00e9sitez pas \u00e0 nous signaler toute exigence particuli\u00e8re : allergie au gluten, bouillie b\u00e9b\u00e9, etc.<\/strong><\/p>\n<div id='gallery-1' class='gallery galleryid-248 gallery-columns-3 gallery-size-offerta'><figure class='gallery-item'>\n\t\t\t\t<div class='gallery-icon landscape'>\n\t\t\t\t\t<a href='https:\/\/www.antareshotel.com\/wp-content\/uploads\/2016\/08\/cucina-gallery-1.jpg' data-size=\"950x540\"><img loading=\"lazy\" decoding=\"async\" width=\"500\" height=\"335\" src=\"https:\/\/www.antareshotel.com\/wp-content\/uploads\/2016\/08\/cucina-gallery-1-500x335.jpg\" class=\"attachment-offerta size-offerta\" alt=\"\" srcset=\"https:\/\/www.antareshotel.com\/wp-content\/uploads\/2016\/08\/cucina-gallery-1-500x335.jpg 500w, https:\/\/www.antareshotel.com\/wp-content\/uploads\/2016\/08\/cucina-gallery-1-350x235.jpg 350w\" sizes=\"auto, (max-width: 500px) 100vw, 500px\" \/><\/a>\n\t\t\t\t<\/div><\/figure><figure class='gallery-item'>\n\t\t\t\t<div class='gallery-icon landscape'>\n\t\t\t\t\t<a href='https:\/\/www.antareshotel.com\/wp-content\/uploads\/2016\/08\/cucina-gallery-2.jpg' data-size=\"950x540\"><img loading=\"lazy\" decoding=\"async\" width=\"500\" height=\"335\" src=\"https:\/\/www.antareshotel.com\/wp-content\/uploads\/2016\/08\/cucina-gallery-2-500x335.jpg\" class=\"attachment-offerta size-offerta\" alt=\"\" srcset=\"https:\/\/www.antareshotel.com\/wp-content\/uploads\/2016\/08\/cucina-gallery-2-500x335.jpg 500w, https:\/\/www.antareshotel.com\/wp-content\/uploads\/2016\/08\/cucina-gallery-2-350x235.jpg 350w\" sizes=\"auto, (max-width: 500px) 100vw, 500px\" \/><\/a>\n\t\t\t\t<\/div><\/figure><figure class='gallery-item'>\n\t\t\t\t<div class='gallery-icon landscape'>\n\t\t\t\t\t<a href='https:\/\/www.antareshotel.com\/wp-content\/uploads\/2016\/08\/cucina-gallery-3.jpg' data-size=\"950x540\"><img loading=\"lazy\" decoding=\"async\" width=\"500\" height=\"335\" src=\"https:\/\/www.antareshotel.com\/wp-content\/uploads\/2016\/08\/cucina-gallery-3-500x335.jpg\" class=\"attachment-offerta size-offerta\" alt=\"\" srcset=\"https:\/\/www.antareshotel.com\/wp-content\/uploads\/2016\/08\/cucina-gallery-3-500x335.jpg 500w, https:\/\/www.antareshotel.com\/wp-content\/uploads\/2016\/08\/cucina-gallery-3-350x235.jpg 350w\" sizes=\"auto, (max-width: 500px) 100vw, 500px\" \/><\/a>\n\t\t\t\t<\/div><\/figure>\n\t\t\t<\/div>\n\n<p><strong>Le dimanche<\/strong> est pour nous un jour sp\u00e9cial, c\u2019est pourquoi nous organisons <strong>un ap\u00e9ritif dans notre bar<\/strong>, con\u00e7u comme un moment de d\u00e9tente conviviale mais aussi comme une occasion de se conna\u00eetre.<\/p>\n<h4>Venez nous rendre visite et essayer nos service, vous nous attendons \u00e0 la mer!<\/h4>\n","protected":false},"excerpt":{"rendered":"<p>Qu\u2019y a-t-il de mieux qu\u2019un bon petit d\u00e9jeuner pour bien commencer sa journ\u00e9e? Riche assortiment : yaourt, c\u00e9r\u00e9ales et confitures, charcuterie, formages, tartes, g\u00e2teaux et croissants chauds et bien d&rsquo;autres encore vous attend. \u00c0 votre retour de la plage, vous pourrez vous d\u00e9tendre et savourer votre repas dans notre salle \u00e0 manger climatis\u00e9e. Nous proposons une cuisine traditionnelle simple et authentique, \u00e0 base des produits de notre r\u00e9gion, avec un &#8230;<\/p>\n","protected":false},"author":1,"featured_media":0,"parent":0,"menu_order":0,"comment_status":"closed","ping_status":"closed","template":"","meta":{"_acf_changed":false},"class_list":["post-248","page","type-page","status-publish","hentry"],"acf":[],"_links":{"self":[{"href":"https:\/\/www.antareshotel.com\/fr\/wp-json\/wp\/v2\/pages\/248","targetHints":{"allow":["GET"]}}],"collection":[{"href":"https:\/\/www.antareshotel.com\/fr\/wp-json\/wp\/v2\/pages"}],"about":[{"href":"https:\/\/www.antareshotel.com\/fr\/wp-json\/wp\/v2\/types\/page"}],"author":[{"embeddable":true,"href":"https:\/\/www.antareshotel.com\/fr\/wp-json\/wp\/v2\/users\/1"}],"replies":[{"embeddable":true,"href":"https:\/\/www.antareshotel.com\/fr\/wp-json\/wp\/v2\/comments?post=248"}],"version-history":[{"count":0,"href":"https:\/\/www.antareshotel.com\/fr\/wp-json\/wp\/v2\/pages\/248\/revisions"}],"wp:attachment":[{"href":"https:\/\/www.antareshotel.com\/fr\/wp-json\/wp\/v2\/media?parent=248"}],"curies":[{"name":"wp","href":"https:\/\/api.w.org\/{rel}","templated":true}]}}