{"id":254,"date":"2017-07-11T16:17:57","date_gmt":"2017-07-11T14:17:57","guid":{"rendered":"https:\/\/www.antareshotel.com\/w-i-bimbi\/"},"modified":"2026-02-17T14:33:58","modified_gmt":"2026-02-17T13:33:58","slug":"w-les-enfants","status":"publish","type":"page","link":"https:\/\/www.antareshotel.com\/fr\/w-les-enfants\/","title":{"rendered":"H\u00f4tel pour Familles \u00e0 Misano Adriatico : Les Enfants Sont les Bienvenus !"},"content":{"rendered":"<h2>Souvent les enfants sont exigeants en mati\u00e8re de vacances\u2026 pas de probl\u00e8mes ! \u00e0 <strong>l\u2019H\u00f4tel Antares nous avons pens\u00e9 \u00e0 tout<\/strong>.<\/h2>\n<p>Des chambres spacieuses pour toute la famille, des repas adapt\u00e9s \u00e0 tous les go\u00fbts, sans oublier <strong>un espace de jeux d\u00e9di\u00e9 aux plus petits.<\/strong><\/p>\n<p>Vous ressentirez l\u2019enthousiasme et les soins d\u2019une famille qui accueille des familles: une attention et une courtoisie in\u00e9gal\u00e9es envers nos clients.\u00a0 Nous sommes certains que vos enfants profiteront \u00a0\u00e0 fond de leur s\u00e9jour\u00a0 baln\u00e9aire \u00e0 Misano.<\/p>\n<p>Nous sommes \u00e0 quelques metres de la plage, qui est s\u00fbre et \u00e9quip\u00e9e pour les plus petits.<\/p>\n<div id='gallery-1' class='gallery galleryid-254 gallery-columns-3 gallery-size-large'><figure class='gallery-item'>\n\t\t\t\t<div class='gallery-icon landscape'>\n\t\t\t\t\t<a href='https:\/\/www.antareshotel.com\/wp-content\/uploads\/2017\/07\/Gallerygiochi.jpg' data-size=\"950x540\"><img loading=\"lazy\" decoding=\"async\" width=\"950\" height=\"540\" src=\"https:\/\/www.antareshotel.com\/wp-content\/uploads\/2017\/07\/Gallerygiochi.jpg\" class=\"attachment-large size-large\" alt=\"\" srcset=\"https:\/\/www.antareshotel.com\/wp-content\/uploads\/2017\/07\/Gallerygiochi.jpg 950w, https:\/\/www.antareshotel.com\/wp-content\/uploads\/2017\/07\/Gallerygiochi-768x437.jpg 768w, https:\/\/www.antareshotel.com\/wp-content\/uploads\/2017\/07\/Gallerygiochi-57x32.jpg 57w, https:\/\/www.antareshotel.com\/wp-content\/uploads\/2017\/07\/Gallerygiochi-72x41.jpg 72w, https:\/\/www.antareshotel.com\/wp-content\/uploads\/2017\/07\/Gallerygiochi-114x65.jpg 114w, https:\/\/www.antareshotel.com\/wp-content\/uploads\/2017\/07\/Gallerygiochi-144x82.jpg 144w\" sizes=\"auto, (max-width: 950px) 100vw, 950px\" \/><\/a>\n\t\t\t\t<\/div><\/figure><figure class='gallery-item'>\n\t\t\t\t<div class='gallery-icon landscape'>\n\t\t\t\t\t<a href='https:\/\/www.antareshotel.com\/wp-content\/uploads\/2017\/07\/Tempoliberospiaggia.jpg' data-size=\"950x540\"><img loading=\"lazy\" decoding=\"async\" width=\"950\" height=\"540\" src=\"https:\/\/www.antareshotel.com\/wp-content\/uploads\/2017\/07\/Tempoliberospiaggia.jpg\" class=\"attachment-large size-large\" alt=\"\" srcset=\"https:\/\/www.antareshotel.com\/wp-content\/uploads\/2017\/07\/Tempoliberospiaggia.jpg 950w, https:\/\/www.antareshotel.com\/wp-content\/uploads\/2017\/07\/Tempoliberospiaggia-768x437.jpg 768w, https:\/\/www.antareshotel.com\/wp-content\/uploads\/2017\/07\/Tempoliberospiaggia-57x32.jpg 57w, https:\/\/www.antareshotel.com\/wp-content\/uploads\/2017\/07\/Tempoliberospiaggia-72x41.jpg 72w, https:\/\/www.antareshotel.com\/wp-content\/uploads\/2017\/07\/Tempoliberospiaggia-114x65.jpg 114w, https:\/\/www.antareshotel.com\/wp-content\/uploads\/2017\/07\/Tempoliberospiaggia-144x82.jpg 144w\" sizes=\"auto, (max-width: 950px) 100vw, 950px\" \/><\/a>\n\t\t\t\t<\/div><\/figure>\n\t\t\t<\/div>\n\n<h3 class=\"my-2 [&amp;+p]:mt-4 [&amp;_strong:has(+br)]:inline-block [&amp;_strong:has(+br)]:pb-2\"><span style=\"font-size: 14pt\"><strong>D\u00e9couvrez nos offres familles ultra-sympas !<\/strong><\/span><\/h3>\n<p class=\"my-2 [&amp;+p]:mt-4 [&amp;_strong:has(+br)]:inline-block [&amp;_strong:has(+br)]:pb-2\">Un enfant de moins de 7 ans s\u00e9journe\u00a0<strong>GRATUITEMENT<\/strong>\u00a0avec 2 adultes (certaines p\u00e9riodes) \u2013 oui, vraiment ! \ud83d\ude0a<\/p>\n<p class=\"my-2 [&amp;+p]:mt-4 [&amp;_strong:has(+br)]:inline-block [&amp;_strong:has(+br)]:pb-2\"><strong>Familles monoparentales ?<\/strong>\u00a0On y a pens\u00e9 :\u00a0<strong>tarifs sp\u00e9ciaux rien que pour vous<\/strong>\u00a0!<\/p>\n<p class=\"my-2 [&amp;+p]:mt-4 [&amp;_strong:has(+br)]:inline-block [&amp;_strong:has(+br)]:pb-2\"><strong>Et pour b\u00e9b\u00e9 :<\/strong>\u00a0chaise haute, poussette, baignoire sur demande \u2013 tout pour des vacances sereines !<\/p>\n<p class=\"my-2 [&amp;+p]:mt-4 [&amp;_strong:has(+br)]:inline-block [&amp;_strong:has(+br)]:pb-2\"><strong>Demandez nos prix d\u00e9taill\u00e9s<\/strong>\u00a0ou contactez-nous : on vous chouchoute !<\/p>\n","protected":false},"excerpt":{"rendered":"<p>Souvent les enfants sont exigeants en mati\u00e8re de vacances\u2026 pas de probl\u00e8mes ! \u00e0 l\u2019H\u00f4tel Antares nous avons pens\u00e9 \u00e0 tout. Des chambres spacieuses pour toute la famille, des repas adapt\u00e9s \u00e0 tous les go\u00fbts, sans oublier un espace de jeux d\u00e9di\u00e9 aux plus petits. Vous ressentirez l\u2019enthousiasme et les soins d\u2019une famille qui accueille des familles: une attention et une courtoisie in\u00e9gal\u00e9es envers nos clients.\u00a0 Nous sommes certains que &#8230;<\/p>\n","protected":false},"author":1,"featured_media":0,"parent":0,"menu_order":0,"comment_status":"closed","ping_status":"closed","template":"","meta":{"_acf_changed":false},"class_list":["post-254","page","type-page","status-publish","hentry"],"acf":[],"_links":{"self":[{"href":"https:\/\/www.antareshotel.com\/fr\/wp-json\/wp\/v2\/pages\/254","targetHints":{"allow":["GET"]}}],"collection":[{"href":"https:\/\/www.antareshotel.com\/fr\/wp-json\/wp\/v2\/pages"}],"about":[{"href":"https:\/\/www.antareshotel.com\/fr\/wp-json\/wp\/v2\/types\/page"}],"author":[{"embeddable":true,"href":"https:\/\/www.antareshotel.com\/fr\/wp-json\/wp\/v2\/users\/1"}],"replies":[{"embeddable":true,"href":"https:\/\/www.antareshotel.com\/fr\/wp-json\/wp\/v2\/comments?post=254"}],"version-history":[{"count":0,"href":"https:\/\/www.antareshotel.com\/fr\/wp-json\/wp\/v2\/pages\/254\/revisions"}],"wp:attachment":[{"href":"https:\/\/www.antareshotel.com\/fr\/wp-json\/wp\/v2\/media?parent=254"}],"curies":[{"name":"wp","href":"https:\/\/api.w.org\/{rel}","templated":true}]}}