{"id":258,"date":"2017-07-11T16:18:09","date_gmt":"2017-07-11T14:18:09","guid":{"rendered":"https:\/\/www.antareshotel.com\/dolce-sonno\/"},"modified":"2022-02-03T12:43:10","modified_gmt":"2022-02-03T11:43:10","slug":"doux-repos","status":"publish","type":"page","link":"https:\/\/www.antareshotel.com\/fr\/doux-repos\/","title":{"rendered":"Chambres confortables et accueillantes en h\u00f4tel familles \u00e0 Misano Adriatico"},"content":{"rendered":"<p>Les chambres sont \u00e9quip\u00e9es de tous les services pour des vacances vraiment relaxantes. Et si vous voyagez avec des enfants, voyez nos chambres sp\u00e9ciales famille.<\/p>\n<p><span style=\"font-size: 14pt\"><strong>Climatisation gratuit dans toutes les chambres pour votre frais repos.<\/strong><\/span><\/p>\n<p>Dans toutes les chambres vous trouverez:\u00a0<strong> TV 28&prime;<\/strong>, ventilateur de plafond, douche,\u00a0 s\u00e8che-cheveux, coffre-fort num\u00e9rique, <strong>climatisation gratuit<\/strong>, <strong>Wi-Fi gratuit<\/strong>.<\/p>\n<div id='gallery-1' class='gallery galleryid-258  gallery-size-large'><div class='owl-carousel owl-carousel-multiple-carousel-style'\n\t\t\t\t\t\t\tdata-owl-navigation='true'\n\t\t\t\t\t\t\tdata-owl-slide-speed='300'\n\t\t\t\t\t\t\tdata-owl-autoplay='false'\n\t\t\t\t\t\t\tdata-owl-dots='false'\n\t\t\t\t\t\t\tdata-owl-dots-speed='300'\n\t\t\t\t\t\t\tdata-owl-items-xs='1'data-owl-items-sm='2'data-owl-items-md='3'data-owl-items-lg='3'data-owl-items-xl='3'\n\t\t\t\t\t\t><figure class='gallery-item'>\n\t\t\t\t<div class='gallery-icon landscape'>\n\t\t\t\t\t<a href='https:\/\/www.antareshotel.com\/wp-content\/uploads\/2017\/07\/Gallerycamera1.jpg' data-size=\"950x540\"><img loading=\"lazy\" decoding=\"async\" width=\"950\" height=\"540\" src=\"https:\/\/www.antareshotel.com\/wp-content\/uploads\/2017\/07\/Gallerycamera1.jpg\" class=\"attachment-large size-large\" alt=\"\" srcset=\"https:\/\/www.antareshotel.com\/wp-content\/uploads\/2017\/07\/Gallerycamera1.jpg 950w, https:\/\/www.antareshotel.com\/wp-content\/uploads\/2017\/07\/Gallerycamera1-768x437.jpg 768w, https:\/\/www.antareshotel.com\/wp-content\/uploads\/2017\/07\/Gallerycamera1-57x32.jpg 57w, https:\/\/www.antareshotel.com\/wp-content\/uploads\/2017\/07\/Gallerycamera1-72x41.jpg 72w, https:\/\/www.antareshotel.com\/wp-content\/uploads\/2017\/07\/Gallerycamera1-114x65.jpg 114w, https:\/\/www.antareshotel.com\/wp-content\/uploads\/2017\/07\/Gallerycamera1-144x82.jpg 144w\" sizes=\"auto, (max-width: 950px) 100vw, 950px\" \/><\/a>\n\t\t\t\t<\/div><\/figure><figure class='gallery-item'>\n\t\t\t\t<div class='gallery-icon landscape'>\n\t\t\t\t\t<a href='https:\/\/www.antareshotel.com\/wp-content\/uploads\/2017\/07\/Gallerycamera2.jpg' data-size=\"950x540\"><img loading=\"lazy\" decoding=\"async\" width=\"950\" height=\"540\" src=\"https:\/\/www.antareshotel.com\/wp-content\/uploads\/2017\/07\/Gallerycamera2.jpg\" class=\"attachment-large size-large\" alt=\"\" srcset=\"https:\/\/www.antareshotel.com\/wp-content\/uploads\/2017\/07\/Gallerycamera2.jpg 950w, https:\/\/www.antareshotel.com\/wp-content\/uploads\/2017\/07\/Gallerycamera2-768x437.jpg 768w, https:\/\/www.antareshotel.com\/wp-content\/uploads\/2017\/07\/Gallerycamera2-57x32.jpg 57w, https:\/\/www.antareshotel.com\/wp-content\/uploads\/2017\/07\/Gallerycamera2-72x41.jpg 72w, https:\/\/www.antareshotel.com\/wp-content\/uploads\/2017\/07\/Gallerycamera2-114x65.jpg 114w, https:\/\/www.antareshotel.com\/wp-content\/uploads\/2017\/07\/Gallerycamera2-144x82.jpg 144w\" sizes=\"auto, (max-width: 950px) 100vw, 950px\" \/><\/a>\n\t\t\t\t<\/div><\/figure><figure class='gallery-item'>\n\t\t\t\t<div class='gallery-icon landscape'>\n\t\t\t\t\t<a href='https:\/\/www.antareshotel.com\/wp-content\/uploads\/2017\/07\/Gallerycamera3.jpg' data-size=\"950x540\"><img loading=\"lazy\" decoding=\"async\" width=\"950\" height=\"540\" src=\"https:\/\/www.antareshotel.com\/wp-content\/uploads\/2017\/07\/Gallerycamera3.jpg\" class=\"attachment-large size-large\" alt=\"\" srcset=\"https:\/\/www.antareshotel.com\/wp-content\/uploads\/2017\/07\/Gallerycamera3.jpg 950w, https:\/\/www.antareshotel.com\/wp-content\/uploads\/2017\/07\/Gallerycamera3-768x437.jpg 768w, https:\/\/www.antareshotel.com\/wp-content\/uploads\/2017\/07\/Gallerycamera3-57x32.jpg 57w, https:\/\/www.antareshotel.com\/wp-content\/uploads\/2017\/07\/Gallerycamera3-72x41.jpg 72w, https:\/\/www.antareshotel.com\/wp-content\/uploads\/2017\/07\/Gallerycamera3-114x65.jpg 114w, https:\/\/www.antareshotel.com\/wp-content\/uploads\/2017\/07\/Gallerycamera3-144x82.jpg 144w\" sizes=\"auto, (max-width: 950px) 100vw, 950px\" \/><\/a>\n\t\t\t\t<\/div><\/figure><figure class='gallery-item'>\n\t\t\t\t<div class='gallery-icon landscape'>\n\t\t\t\t\t<a href='https:\/\/www.antareshotel.com\/wp-content\/uploads\/2017\/07\/RM_20160624_1045_M0U1680.jpg' data-size=\"950x540\"><img loading=\"lazy\" decoding=\"async\" width=\"950\" height=\"540\" src=\"https:\/\/www.antareshotel.com\/wp-content\/uploads\/2017\/07\/RM_20160624_1045_M0U1680.jpg\" class=\"attachment-large size-large\" alt=\"\" srcset=\"https:\/\/www.antareshotel.com\/wp-content\/uploads\/2017\/07\/RM_20160624_1045_M0U1680.jpg 950w, https:\/\/www.antareshotel.com\/wp-content\/uploads\/2017\/07\/RM_20160624_1045_M0U1680-768x437.jpg 768w, https:\/\/www.antareshotel.com\/wp-content\/uploads\/2017\/07\/RM_20160624_1045_M0U1680-57x32.jpg 57w, https:\/\/www.antareshotel.com\/wp-content\/uploads\/2017\/07\/RM_20160624_1045_M0U1680-72x41.jpg 72w, https:\/\/www.antareshotel.com\/wp-content\/uploads\/2017\/07\/RM_20160624_1045_M0U1680-114x65.jpg 114w, https:\/\/www.antareshotel.com\/wp-content\/uploads\/2017\/07\/RM_20160624_1045_M0U1680-144x82.jpg 144w\" sizes=\"auto, (max-width: 950px) 100vw, 950px\" \/><\/a>\n\t\t\t\t<\/div><\/figure><figure class='gallery-item'>\n\t\t\t\t<div class='gallery-icon landscape'>\n\t\t\t\t\t<a href='https:\/\/www.antareshotel.com\/wp-content\/uploads\/2017\/07\/RM_20160624_1047_M0U1683.jpg' data-size=\"950x540\"><img loading=\"lazy\" decoding=\"async\" width=\"950\" height=\"540\" src=\"https:\/\/www.antareshotel.com\/wp-content\/uploads\/2017\/07\/RM_20160624_1047_M0U1683.jpg\" class=\"attachment-large size-large\" alt=\"\" srcset=\"https:\/\/www.antareshotel.com\/wp-content\/uploads\/2017\/07\/RM_20160624_1047_M0U1683.jpg 950w, https:\/\/www.antareshotel.com\/wp-content\/uploads\/2017\/07\/RM_20160624_1047_M0U1683-768x437.jpg 768w, https:\/\/www.antareshotel.com\/wp-content\/uploads\/2017\/07\/RM_20160624_1047_M0U1683-57x32.jpg 57w, https:\/\/www.antareshotel.com\/wp-content\/uploads\/2017\/07\/RM_20160624_1047_M0U1683-72x41.jpg 72w, https:\/\/www.antareshotel.com\/wp-content\/uploads\/2017\/07\/RM_20160624_1047_M0U1683-114x65.jpg 114w, https:\/\/www.antareshotel.com\/wp-content\/uploads\/2017\/07\/RM_20160624_1047_M0U1683-144x82.jpg 144w\" sizes=\"auto, (max-width: 950px) 100vw, 950px\" \/><\/a>\n\t\t\t\t<\/div><\/figure><figure class='gallery-item'>\n\t\t\t\t<div class='gallery-icon landscape'>\n\t\t\t\t\t<a href='https:\/\/www.antareshotel.com\/wp-content\/uploads\/2017\/07\/RM_20160624_1049_M0U1686.jpg' data-size=\"950x540\"><img loading=\"lazy\" decoding=\"async\" width=\"950\" height=\"540\" src=\"https:\/\/www.antareshotel.com\/wp-content\/uploads\/2017\/07\/RM_20160624_1049_M0U1686.jpg\" class=\"attachment-large size-large\" alt=\"\" srcset=\"https:\/\/www.antareshotel.com\/wp-content\/uploads\/2017\/07\/RM_20160624_1049_M0U1686.jpg 950w, https:\/\/www.antareshotel.com\/wp-content\/uploads\/2017\/07\/RM_20160624_1049_M0U1686-768x437.jpg 768w, https:\/\/www.antareshotel.com\/wp-content\/uploads\/2017\/07\/RM_20160624_1049_M0U1686-57x32.jpg 57w, https:\/\/www.antareshotel.com\/wp-content\/uploads\/2017\/07\/RM_20160624_1049_M0U1686-72x41.jpg 72w, https:\/\/www.antareshotel.com\/wp-content\/uploads\/2017\/07\/RM_20160624_1049_M0U1686-114x65.jpg 114w, https:\/\/www.antareshotel.com\/wp-content\/uploads\/2017\/07\/RM_20160624_1049_M0U1686-144x82.jpg 144w\" sizes=\"auto, (max-width: 950px) 100vw, 950px\" \/><\/a>\n\t\t\t\t<\/div><\/figure>\n\t\t\t<\/div>\n<\/div>\n\n<p><strong>Consultez nos prix et demandez un devis sur mesure ; nous serons heureux de vous formuler un beau s\u00e9jour! <\/strong><\/p>\n","protected":false},"excerpt":{"rendered":"<p>Les chambres sont \u00e9quip\u00e9es de tous les services pour des vacances vraiment relaxantes. Et si vous voyagez avec des enfants, voyez nos chambres sp\u00e9ciales famille. Climatisation gratuit dans toutes les chambres pour votre frais repos. Dans toutes les chambres vous trouverez:\u00a0 TV 28&prime;, ventilateur de plafond, douche,\u00a0 s\u00e8che-cheveux, coffre-fort num\u00e9rique, climatisation gratuit, Wi-Fi gratuit. Consultez nos prix et demandez un devis sur mesure ; nous serons heureux de vous formuler &#8230;<\/p>\n","protected":false},"author":1,"featured_media":0,"parent":0,"menu_order":0,"comment_status":"closed","ping_status":"closed","template":"","meta":{"_acf_changed":false},"class_list":["post-258","page","type-page","status-publish","hentry"],"acf":[],"_links":{"self":[{"href":"https:\/\/www.antareshotel.com\/fr\/wp-json\/wp\/v2\/pages\/258","targetHints":{"allow":["GET"]}}],"collection":[{"href":"https:\/\/www.antareshotel.com\/fr\/wp-json\/wp\/v2\/pages"}],"about":[{"href":"https:\/\/www.antareshotel.com\/fr\/wp-json\/wp\/v2\/types\/page"}],"author":[{"embeddable":true,"href":"https:\/\/www.antareshotel.com\/fr\/wp-json\/wp\/v2\/users\/1"}],"replies":[{"embeddable":true,"href":"https:\/\/www.antareshotel.com\/fr\/wp-json\/wp\/v2\/comments?post=258"}],"version-history":[{"count":0,"href":"https:\/\/www.antareshotel.com\/fr\/wp-json\/wp\/v2\/pages\/258\/revisions"}],"wp:attachment":[{"href":"https:\/\/www.antareshotel.com\/fr\/wp-json\/wp\/v2\/media?parent=258"}],"curies":[{"name":"wp","href":"https:\/\/api.w.org\/{rel}","templated":true}]}}